{"id":58,"date":"2025-10-28T04:39:00","date_gmt":"2025-10-28T04:39:00","guid":{"rendered":"https:\/\/masterforgex.eu\/?page_id=58"},"modified":"2025-10-29T16:37:37","modified_gmt":"2025-10-29T16:37:37","slug":"home1","status":"publish","type":"page","link":"https:\/\/masterforgex.eu\/da\/","title":{"rendered":"home1"},"content":{"rendered":"<section class=\"gb-element-c0819d6c banner\">\n<div class=\"gb-element-0659d418\">\n<div class=\"wp-block-columns is-layout-flex wp-container-core-columns-is-layout-9d6595d7 wp-block-columns-is-layout-flex\">\n<div class=\"wp-block-column is-layout-flow wp-block-column-is-layout-flow\">\n<h2 class=\"gb-text gb-text-155ce4c1\"><mark style=\"background-color:var(--contrast)\" class=\"has-inline-color has-base-3-color\">Masterforgex: Velkomstbonus 300% op til \u00a3 2000<\/mark><\/h2>\n\n\n\n<p class=\"has-text-align-center has-base-3-color has-text-color has-link-color wp-elements-be90bf9d38bb242995a2de94f285c05b\"><strong><mark style=\"background-color:var(--contrast)\" class=\"has-inline-color has-base-2-color\">Masterforgex online casino 2025: Nyd en eksklusiv velkomstbonus p\u00e5 300% op til \u20ac2,500<\/mark><\/strong><\/p>\n\n\n\n<div class=\"wp-block-columns is-layout-flex wp-container-core-columns-is-layout-9d6595d7 wp-block-columns-is-layout-flex\">\n<div class=\"wp-block-column is-layout-flow wp-block-column-is-layout-flow\" style=\"flex-basis:20px\"><\/div>\n\n\n\n<div class=\"wp-block-column is-layout-flow wp-block-column-is-layout-flow\">\n<a class=\"gb-text gb-text-50c1af7c\" href=\"\/play\/\">REGISTRER<\/a>\n<\/div>\n\n\n\n<div class=\"wp-block-column is-layout-flow wp-block-column-is-layout-flow\">\n<a class=\"gb-text gb-text-6d7e1e7e\" href=\"\/play\/\">FORBINDELSE<\/a>\n<\/div>\n\n\n\n<div class=\"wp-block-column is-layout-flow wp-block-column-is-layout-flow\" style=\"flex-basis:20px\"><\/div>\n<\/div>\n<\/div>\n<\/div>\n<\/div>\n<\/section>\n\n\n\n<h1 class=\"wp-block-heading\">Masterforgex casino: Tema og negative anmeldelser om udbetalinger<\/h1>\n\n\n\n<p>Masterforgex Casino: pirateventyr eller frygtindgydende f\u00e6lde? Bag det medrivende tema og de fristende bonusser kritiserer spilleranmeldelser blokerede udbetalinger (i op til 15 dage), uudbetalte midler og en fantomkundeservice p\u00e5 trods af l\u00f8fter om 24\/7. Kampagner som 'Bonus Crab' eller VIP Shop p\u00e5l\u00e6gger kr\u00e6vende oms\u00e6tningskrav (x35), mens en offshore-licens (Cura\u00e7ao) og beskyldninger om svindel ('pengetyveri', uautoriserede udbetalinger) underminerer dens trov\u00e6rdighed. Med mere end 6.000 tilg\u00e6ngelige spil, men massive klager over udbetalinger, viser vores analyse, at <strong>Det lovede guld er ofte uopn\u00e5eligt<\/strong>.<\/p>\n\n\n\n<ol class=\"wp-block-list\">\n<li><a href=\"#Masterforgex-casino\">Masterforgex casino: en vellykket indtr\u00e6den i onlinespillenes verden?<\/a><\/li>\n\n\n\n<li><a href=\"#analyse-des-bonus-et-promotions\">Analyse af bonusser og kampagner: skatte lige ved h\u00e5nden?<\/a><\/li>\n\n\n\n<li><a href=\"#la-ludotheque-de-Masterforgex-casino\">Masterforgex Casino-spilbiblioteket: et varieret udvalg af spil<\/a><\/li>\n\n\n\n<li><a href=\"#fiabilite-et-securite-lepreuve-de-verite-pour-Masterforgex-casino\">P\u00e5lidelighed og sikkerhed: lakmuspr\u00f8ven for Masterforgex Casino<\/a><\/li>\n\n\n\n<li><a href=\"#inscription-gestion-paiements\">Registrering og h\u00e5ndtering af betalinger p\u00e5 Masterforgex casino<\/a><\/li>\n\n\n\n<li><a href=\"#verdict\">Vores dom: Skal du g\u00e5 om bord p\u00e5 Masterforgex-skibet?<\/a><\/li>\n<\/ol>\n\n\n\n<h2 class=\"wp-block-heading\" id=\"Masterforgex-casino\">Masterforgex casino: en vellykket indtr\u00e6den i onlinespillenes verden?<\/h2>\n\n\n\n<figure class=\"wp-block-table\"><table class=\"has-fixed-layout\"><tbody><tr><th>Funktioner<\/th><th>Detaljer<\/th><\/tr><tr><td>Velkomstbonus<\/td><td>100 % op til \u20ac 500 + 200 gratis spins (oms\u00e6tningskrav: 35x for bonus + indbetaling, 40x for gratis spins)<\/td><\/tr><tr><td>Leget\u00f8jsbibliotek<\/td><td>Over 6.000 spil (spilleautomater, bordspil, live casino)<\/td><\/tr><tr><td>Indberettet(e) licens(er)<\/td><td>Modstridende oplysninger: PAGCOR if\u00f8lge nogle kilder, Cura\u00e7ao if\u00f8lge andre, ingen officielle oplysninger p\u00e5 webstedet<\/td><\/tr><tr><td>Betalingsmetoder<\/td><td>Bankkort, e-wallets (Skrill, Neteller), kryptovalutaer (Bitcoin, Litecoin, Tether)<\/td><\/tr><tr><td>Kundeservice<\/td><td>Annonceres som 24\/7 (chat, e-mail), men effektiviteten bestrides af brugerne<\/td><\/tr><tr><td><strong>Generel brugerudtalelse<\/strong><\/td><td>For det meste meget negative (udbetalingsproblemer, kundeservice), men nogle f\u00e5 positive anmeldelser<\/td><\/tr><\/tbody><\/table><\/figure>\n\n\n\n<p>Masterforgex Casino, der blev lanceret i 2024 af Invicta Tech LTD, er forankret i et pirattema med en fordybende gr\u00e6nseflade og et katalog med over 6.000 spil, herunder slots (hvoraf der er 5.374 opf\u00f8rt), bordspil og et live casino med udbydere som Evolution Gaming. Indbetalinger er \u00f8jeblikkelige (fra \u20ac 10), og udbetalinger varierer mellem 24 timer for kryptovalutaer og 3 dage for overf\u00f8rsler. P\u00e5 trods af et f\u00e6ngslende design og et ambiti\u00f8st kampagnetilbud (ugentlig cashback, VIP-bonus), <strong>blandet brugerfeedback<\/strong>. P\u00e5 Trustpilot, <strong>spillere ford\u00f8mmer<\/strong> forsinkelser i udbetalinger (op til 15 dage), en lukket kundeservice (nogle har 50 ubesvarede e-mails) og kr\u00e6vende indsatsbetingelser (x35 til x40). Et mindretal understreger dog <strong>Kvaliteten af grafikken og live-spillene<\/strong>. F\u00f8r du registrerer dig, skal du <strong>det er vigtigt at tjekke vilk\u00e5rene for bonusser<\/strong>Det g\u00e6lder bl.a. oms\u00e6tningstider (10 dage for gratis spins) og gennemsigtighed i forhold til licenser, som ikke findes p\u00e5 den officielle hjemmeside.<\/p>\n\n\n\n<h2 class=\"wp-block-heading\" id=\"analyse-des-bonus-et-promotions\">Analyse af bonusser og kampagner: skatte lige ved h\u00e5nden?<\/h2>\n\n\n\n<h3 class=\"wp-block-heading\" id=\"le-bonus-de-bienvenue-sous-la-loupe\">Velkomstbonus under mikroskop<\/h3>\n\n\n\n<p>Masterforgex Casino tilbyder en attraktiv velkomstbonus: 100 % op til 750 $ plus 200 gratis spins. Imidlertid er <strong>Indsatsbetingelserne fortjener n\u00f8je opm\u00e6rksomhed<\/strong>. For bonuspenge g\u00e6lder en multiplikator p\u00e5 x35 for indskud + bonus. Gevinster fra gratis spins kr\u00e6ver en indsats p\u00e5 x40. Disse krav skal opfyldes inden for 10 dage.<\/p>\n\n\n\n<p>Konkret eksempel: En indbetaling p\u00e5 100 $ med 100 $ i bonus giver 200 $, der skal oms\u00e6ttes (x35 = 7.000 $, der skal valideres). Hvis oms\u00e6tningsbetingelserne ikke er opfyldt, <strong>Gevinster kan ikke udbetales<\/strong>. Maksimale indsatsgr\u00e6nser (f.eks. 5 $ pr. spin) g\u00e6lder ogs\u00e5. Uden kontobekr\u00e6ftelse blokeres udbetalinger, selv efter at indsatsen er fuldf\u00f8rt. Bem\u00e6rk, at spilleautomater ofte t\u00e6ller med 100 % for indsatsen, i mods\u00e6tning til blackjack eller roulette, hvor bidraget er mindre eller nul.<\/p>\n\n\n\n<h3 class=\"wp-block-heading\" id=\"promotions-regulieres-et-programme-de-fidelite-unique\">Regelm\u00e6ssige kampagner og et unikt loyalitetsprogram<\/h3>\n\n\n\n<p>Kasinoet tilbyder kampagner som cashback, reload-bonusser og specialtilbud. Detaljer om mekanismer som 'Bonus Crab' eller 'Shop' er dog ikke offentligt tilg\u00e6ngelige, da adgangen til siden er blokeret i mange lande. \"Piratmissionerne\" beskrives som et system med daglige udfordringer, men det er stadig uklart, hvordan de fungerer. Form\u00e5let med disse v\u00e6rkt\u00f8jer er at opbygge spillerloyalitet, men <strong>deres effektivitet er sv\u00e6r at bed\u00f8mme uden direkte adgang<\/strong>.<\/p>\n\n\n\n<p>Trustpilot-anmeldelser fremh\u00e6ver tilbagevendende problemer: bonusser, der ikke honoreres, uigennemsigtige vilk\u00e5r og betingelser og gevinster, der annulleres, fordi vilk\u00e5rene ikke blev overholdt. Omvendt rapporterer nogle brugere om positive oplevelser med udbetalinger p\u00e5 3 til 5 dage og lydh\u00f8r support. Denne uoverensstemmelse illustrerer <strong>vigtigheden af at krydshenvise til kilder<\/strong> f\u00f8r du registrerer dig.<\/p>\n\n\n\n<p>Hvad er vigtigt at huske? Masterforgex Casinos bonusser er attraktive p\u00e5 grund af deres gener\u00f8sitet, men oms\u00e6tningskravene er strenge. F\u00f8r du tilmelder dig, <strong>Tjek altid betingelserne<\/strong> F\u00f8lgende oplysninger hj\u00e6lper dig med at tr\u00e6ffe det rigtige valg: gyldighedsperiode, kvalificerede spil og indsatsgr\u00e6nser. Hvis du er i tvivl, kan du konsultere platforme som Trustpilot eller AskGamblers for at krydstjekke feedback fra andre spillere og undg\u00e5 ubehagelige overraskelser.<\/p>\n\n\n\n<h2 class=\"wp-block-heading\" id=\"la-ludotheque-de-Masterforgex-casino\">Masterforgex Casino-spilbiblioteket: et varieret udvalg af spil<\/h2>\n\n\n\n<p>Du undrer dig sikkert over, hvilke spil der er tilg\u00e6ngelige p\u00e5 Masterforgex Casino. Dette online casino har <strong>et imponerende spilbibliotek med over 6.000 spil<\/strong> if\u00f8lge nogle kilder. Platformens piratunivers afspejles i visse spil med fordybende grafik og mekanik inspireret af havet, skjulte skatte og s\u00f8slag. Dette tema str\u00e6kker sig endda til VIP-programmet med 'piratmissioner' for at l\u00e5se op for bel\u00f8nninger.<\/p>\n\n\n\n<ul class=\"wp-block-list\">\n<li><strong>Spilleautomater<\/strong> Klassiske slots, videoversioner og progressive jackpotspil. Forskellige temaer som havets eventyr, mytologiske fort\u00e6llinger eller historiske beretninger med HD-animationer og s\u00e6rlige funktioner (gratis spins, bonusrunder, multiplikatorer).<\/li>\n\n\n\n<li><strong>Bordspil<\/strong> Blackjack, roulette, baccarat og online poker, med flere varianter for hver titel. For eksempel tilbyder blackjack regler, der passer til begyndere eller eksperter, mens roulette inkluderer europ\u00e6iske, amerikanske eller franske versioner.<\/li>\n\n\n\n<li><strong>Live-kasino<\/strong> Blackjack og roulette: Spil med rigtige dealere til blackjack og roulette med HD-videostr\u00f8mme og interaktion i realtid. Nogle spil har ekstra funktioner som f.eks. flere kameraer eller live-statistik.<\/li>\n\n\n\n<li><strong>Sportsv\u00e6ddem\u00e5l<\/strong> : Odds p\u00e5 en r\u00e6kke begivenheder, fra fodbold til e-sport, med v\u00e6ddem\u00e5l i realtid og muligheder f\u00f8r kampen for strategifans.<\/li>\n\n\n\n<li>Minispil : <strong>Hurtige, originale formater til korte sessioner<\/strong>s\u00e5som crash betting (f.eks. Aviator) eller instant ticket-spil med \u00f8jeblikkelige gevinster.<\/li>\n<\/ul>\n\n\n\n<p>Kasinoet samarbejder med anerkendte studier, hvilket garanterer <strong>kvalitet og retf\u00e6rdighed i spillene<\/strong> takket v\u00e6re regelm\u00e6ssig test af RNG-algoritmer (Random Number Generator). Disse partnerskaber med udviklere som NetEnt eller Evolution Gaming (hvis bekr\u00e6ftet) sikrer en optimal teknisk oplevelse. Is\u00e6r live-kasinoet giver dig mulighed for at opleve atmosf\u00e6ren i et landbaseret etablissement via realtids-streams og professionelle croupiers.<\/p>\n\n\n\n<p>P\u00e5 trods af disse fordele er adgangen til siden begr\u00e6nset i visse lande af juridiske \u00e5rsager. Dens offshore Cura\u00e7ao eGaming-licens er, selvom den er gyldig, mindre streng end europ\u00e6iske tilladelser. Se brugeranmeldelser for at vurdere feedback om udbetalinger (hyppige forsinkelser if\u00f8lge Trustpilot) eller indsatsbetingelser, og <strong>Tjek tilg\u00e6ngelighed i din region, f\u00f8r du tilmelder dig<\/strong>.<\/p>\n\n\n\n<h2 class=\"wp-block-heading\" id=\"fiabilite-et-securite-lepreuve-de-verite-pour-Masterforgex-casino\">P\u00e5lidelighed og sikkerhed: lakmuspr\u00f8ven for Masterforgex Casino<\/h2>\n\n\n\n<h3 class=\"wp-block-heading\" id=\"une-licence-floue-et-des-questions-de-regulation\">En vag licens og lovgivningsm\u00e6ssige sp\u00f8rgsm\u00e5l<\/h3>\n\n\n\n<p>En af de f\u00f8rste bekymringer omkring Masterforgex Casino er dens lovgivningsm\u00e6ssige rammer. Selvom webstedet h\u00e6vder at have en Cura\u00e7ao eGaming-licens, peger modstridende kilder p\u00e5 en mangel p\u00e5 klar validering. Der er ogs\u00e5 rapporter om operationer under PAGCOR- eller Costa Rica-licenser, uden nogen officiel bekr\u00e6ftelse. <strong>Denne mangel p\u00e5 gennemsigtighed rejser sp\u00f8rgsm\u00e5l om kasinoets trov\u00e6rdighed.<\/strong>Dette er s\u00e5 meget desto mere sandt, da det anses for at v\u00e6re ureguleret i Storbritannien og opererer under en offshore-licens. Det begr\u00e6nser de juridiske muligheder i tilf\u00e6lde af en tvist.<\/p>\n\n\n\n<p>Selv om kasinoet g\u00e5r ind for sikre transaktioner via kryptering, <strong>den faktiske beskyttelse af data og midler er stadig usikker<\/strong> uden streng overv\u00e5gning. Myndigheder som Cura\u00e7ao eGaming kritiseres ofte for deres lavere standarder, hvilket giver plads til tvivlsom praksis. En mangel p\u00e5 en anerkendt licens i Europa eller Storbritannien er et r\u00f8dt flag for spillere, der leder efter en p\u00e5lidelig operat\u00f8r.<\/p>\n\n\n\n<h3 class=\"wp-block-heading\" id=\"avis-des-utilisateurs-des-plaintes-recurrentes-et-graves\">Brugernes mening: tilbagevendende og alvorlige klager<\/h3>\n\n\n\n<p>Feedback fra Trustpilot (gennemsnitlig vurdering p\u00e5 2,0 ud af 5 baseret p\u00e5 54 anmeldelser) tegner et bekymrende billede. Den <strong>abstinensproblemer dominerer<\/strong>Det kan f\u00f8re til forsinkelser p\u00e5 op til 15 dage, og at pengene ikke bliver udbetalt. Her er, hvad en bruger havde at sige: <em>\"Jeg lavede en anmodning den 1., og den var stadig ikke blevet behandlet den 15.<\/em> Andre rapporterer om annullerede udbetalinger eller udbetalingsmetoder, der er blevet utilg\u00e6ngelige, efter at der er foretaget en indbetaling.<\/p>\n\n\n\n<p>Den <strong>Beskyldninger om svindel<\/strong> er hyppige. Spillere h\u00e6vder, at de er blevet \"bestj\u00e5let\" eller st\u00e5r over for gevinster, der ikke er blevet krediteret, som i dette tilf\u00e6lde, hvor de ikke modtog \u00a3270. Der rapporteres ogs\u00e5 om chikane med fors\u00f8g p\u00e5 uautoriseret debitering eller svigagtig brug af personlige data. En bruger rapporterede, at hans konto var blevet blokeret efter klager, og at han havde modtaget gentagne spam-beskeder.<\/p>\n\n\n\n<p>Selv om kundeservicen roses for sin lydh\u00f8rhed, bliver den regelm\u00e6ssigt <strong>kritiseret for sin ineffektivitet<\/strong>. Dusinvis af e-mails forbliver ubesvarede, og udvekslingen begr\u00e6nser sig til generiske svar. <em>\"Jeg har sendt 50 e-mails og aldrig f\u00e5et et konkret svar\".<\/em>klager en spiller. Fors\u00f8g p\u00e5 at lukke en konto resulterer ofte i blokering eller overdrevne anmodninger om bekr\u00e6ftelse, hvilket forst\u00e6rker et klima af mistillid.<\/p>\n\n\n\n<p>Der er kun f\u00e5 positive anmeldelser, som beskriver vellykkede udbetalinger efter en uge eller punktlig kundeservice. Disse sager forbliver dog marginale i lyset af en str\u00f8m af kritik. Gentagelsen af de samme klager - forsinkelser, manglende gennemsigtighed, aggressiv praksis - tyder p\u00e5, at der er mangel p\u00e5 gennemsigtighed. <strong>en skruppell\u00f8s forretningsmodel, der udnytter spillernes s\u00e5rbarhed<\/strong>.<\/p>\n\n\n\n<h2 class=\"wp-block-heading\" id=\"inscription-gestion-paiements\">Registrering og h\u00e5ndtering af betalinger p\u00e5 Masterforgex casino<\/h2>\n\n\n\n<h3 class=\"wp-block-heading\" id=\"creer-compte\">Hvordan opretter jeg en konto?<\/h3>\n\n\n\n<p>Registrering hos Masterforgex Casino f\u00f8lger en standardproces: udfyld en formular (navn, e-mail, adgangskode), valider din e-mailadresse eller dit telefonnummer, og send derefter dokumenter til identitetsbekr\u00e6ftelse (KYC). Dette trin er obligatorisk for udbetalinger, men <strong>mange beskriver det som overdrevent eller obstruktivt<\/strong> i Trustpilot-anmeldelser.<\/p>\n\n\n\n<ol class=\"wp-block-list\">\n<li>F\u00e5 adgang til webstedet og <strong>klik p\u00e5 registreringsknappen<\/strong>.<\/li>\n\n\n\n<li><strong>Udfyld formularen med dine personlige oplysninger<\/strong> (navn, e-mail, adgangskode).<\/li>\n\n\n\n<li>Bekr\u00e6ft <strong>e-mailadresse eller telefonnummer<\/strong>.<\/li>\n\n\n\n<li><strong>Kontrol af identitet<\/strong> ved at sende de n\u00f8dvendige dokumenter (ID, adressebevis).<\/li>\n<\/ol>\n\n\n\n<p>Spillere rapporterer om us\u00e6dvanlige krav, s\u00e5som kontoudtog for ubrugte konti eller ApplePay-legitimationsoplysninger, der er umulige at f\u00e5 fat i. En bruger, der vandt 100.000 pund, skulle freml\u00e6gge bevis for ejerskab af en udokumenteret e-wallet, <strong>blokering af tilbagetr\u00e6kning i m\u00e5nedsvis<\/strong>.<\/p>\n\n\n\n<h3 class=\"wp-block-heading\" id=\"depots-retraits\">Indskud og det f\u00f8lsomme sp\u00f8rgsm\u00e5l om udbetalinger<\/h3>\n\n\n\n<p>Til indbetalinger accepterer Masterforgex bankkort, e-tegneb\u00f8ger og kryptovalutaer (minimum \u20ac 20). <strong>Udbetalinger er p\u00e5 den anden side det st\u00f8rste problem.<\/strong>. De tilg\u00e6ngelige metoder kan variere, og aflysninger sker uden nogen klar forklaring.<\/p>\n\n\n\n<p>De annoncerede tidsfrister (1 til 3 dage) overskrides ofte med forsinkelser p\u00e5 op til flere uger. En gr\u00e6sk spiller ventede 11 dage p\u00e5 en udbetaling p\u00e5 \u20ac60, mens en anden stadig ikke har modtaget \u00a33,500 siden oktober 2025. P\u00e5 Trustpilot (gennemsnitlig vurdering 2,0) siger nogle mennesker, at <strong>Det falske kasino<\/strong>Virksomhedens \u00f8konomistyringsteam har v\u00e6ret involveret i en r\u00e6kke h\u00e6ndelser, herunder at penge ikke er blevet udbetalt, og at konti er blevet indefrosset efter gevinster.<\/p>\n\n\n\n<p>P\u00e5 trods af dette er der nogle sj\u00e6ldne l\u00f8sninger: En bruger modtog 1.000 euro efter en m\u00e5neds ventetid. Selv om kundeservicen annonceres som lydh\u00f8r, k\u00e6mper den med at svare effektivt og multiplicerer generiske svar. Kasinoet har en Cura\u00e7ao-licens, men dets manglende regulering i Storbritannien bekymrer nogle spillere. Ekstra kontrol af store gevinster (f.eks. ApplePay-kvitteringer) forv\u00e6rrer problemerne.<\/p>\n\n\n\n<h2 class=\"wp-block-heading\" id=\"verdict\">Vores dom: Skal du g\u00e5 om bord p\u00e5 Masterforgex-skibet?<\/h2>\n\n\n\n<p>Masterforgex Casino tilbyder et originalt pirattema og et spilbibliotek med 6.000 spil, herunder slots, blackjack og live-spil. Med store udgivere som NetEnt forbedres tilbuddet af et innovativt loyalitetsprogram (Bonus Crab, Shop). Og s\u00e5 alligevel, <strong>Denne appel d\u00e6kker over nogle \u00e5benlyse svagheder<\/strong>.<\/p>\n\n\n\n<p>P\u00e5 Trustpilot (gennemsnitlig vurdering p\u00e5 2,0), <strong>abstinensproblemer dominerer<\/strong> Nogle brugere rapporterer om forsinkelser p\u00e5 op til 15 dage, penge, der ikke krediteres, metoder, der pludselig ikke er tilg\u00e6ngelige. Nogle brugere rapporterer, at deres konti er blevet blokeret efter udbetalingsfors\u00f8g (f.eks. 11 dages ventetid p\u00e5 en udbetaling p\u00e5 100 euro). P\u00e5 trods af at kundeservicen er tilg\u00e6ngelig 24\/7, kritiseres den ofte for sin langsommelighed og generiske svar.<\/p>\n\n\n\n<p>Kasinoets licens, som formentlig er udstedt af Cura\u00e7ao, er fortsat usikker. Kilder rapporterer en status som \"Opererer uden licens\", hvilket s\u00e5r tvivl om dets regulering. Oms\u00e6tningsbetingelserne omfatter lave gr\u00e6nser (500 \u20ac\/dag) og KYC-kontroller, som spillerne finder \"latterlige\", og som blokerer for udbetalinger i ugevis. Disse elementer <strong>skabe mistanke<\/strong>.<\/p>\n\n\n\n<ul class=\"wp-block-list\">\n<li>Fordele :\n<ul class=\"wp-block-list\">\n<li><strong>Pirat-tema<\/strong> fordybende og original.<\/li>\n\n\n\n<li><strong>Udvidet spilbibliotek<\/strong> (+6000 spil).<\/li>\n\n\n\n<li><strong>Innovativt loyalitetsprogram<\/strong> (Bonus Crab, Boutique).<\/li>\n<\/ul>\n<\/li>\n\n\n\n<li>Ulemper:\n<ul class=\"wp-block-list\">\n<li><strong>Stort set negative brugeranmeldelser<\/strong> (udbetalinger, kundeservice).<\/li>\n\n\n\n<li><strong>Problematiske tilbagetr\u00e6kninger<\/strong> (forsinkelser, aflysninger, ikke modtagne midler).<\/li>\n\n\n\n<li><strong>Mangel p\u00e5 klarhed<\/strong> p\u00e5 licensen og reglerne.<\/li>\n<\/ul>\n<\/li>\n<\/ul>\n\n\n\n<p>For fristede spillere anbefales ekstrem forsigtighed. F\u00f8r du tilmelder dig, skal du tjekke uafh\u00e6ngige anmeldelser (Trustpilot, Casino Guru) og l\u00e6se vilk\u00e5r og betingelser, is\u00e6r oms\u00e6tningskravene. P\u00e5 trods af nogle positive tilbagemeldinger om hurtige udbetalinger understreger de fleste udtalelser, at risikoen er for h\u00f8j. For at opsummere, <strong>Masterforgex er et virtuelt eventyr, der skal undg\u00e5s<\/strong> hvis der er tvivl om p\u00e5lideligheden.<br>Masterforgex Casino appellerer med sit originale pirattema og store spilbibliotek, men de mange negative anmeldelser, sene udbetalinger, d\u00e5rlig kundeservice og tvivlsom gennemsigtighed omkring licensen g\u00f8r det til lidt af en skuffelse. <strong>risikabelt valg<\/strong>. P\u00e5 trods af attraktive l\u00f8fter skal spillerne <strong>Afvej advarslerne, f\u00f8r du forpligter dig<\/strong>.<\/p>\n\n\n\n<h2 class=\"wp-block-heading\">OFTE STILLEDE SP\u00d8RGSM\u00c5L<\/h2>\n\n\n\n<h3 class=\"wp-block-heading\">Er Masterforgex Casino p\u00e5lideligt?<\/h3>\n\n\n\n<p>Spillernes feedback p\u00e5 Masterforgex Casino er meget blandet. Selvom platformen tilbyder et fordybende tema og et spilbibliotek med over 6.000 spil, fremh\u00e6ver de fleste anmeldelser p\u00e5 Trustpilot tilbagevendende problemer, herunder ekstremt lange udbetalingstider (op til 15 dage), midler, der ikke er modtaget, og kundeservice, der ofte er utilg\u00e6ngelig eller ikke reagerer. P\u00e5 trods af at nogle dokumenter n\u00e6vner en Cura\u00e7ao-licens, cirkulerer der modstridende oplysninger om dens lovgivningsm\u00e6ssige status, hvilket giver n\u00e6ring til <strong>tvivl om dens p\u00e5lidelighed<\/strong>.<\/p>\n\n\n\n<h3 class=\"wp-block-heading\">Hvorfor er udbetalinger problematiske p\u00e5 Masterforgex Casino?<\/h3>\n\n\n\n<p>Mange brugere rapporterer om store vanskeligheder med at f\u00e5 udbetalt deres gevinster. Klagerne omfatter behandlingstider p\u00e5 op til 11 til 15 dage, udbetalinger, der annulleres uden forklaring, og udbetalingsmetoder, der bliver utilg\u00e6ngelige efter en gevinst. Identitetsbekr\u00e6ftelsesprocessen (KYC) kritiseres ogs\u00e5 for at v\u00e6re langsom, og nogle gange blokeres transaktioner. Disse forhindringer kombineret med en kundesupport, der ofte er tavs, har f\u00e5et nogle spillere til at <strong>beskrive siden som et fupnummer<\/strong>.<\/p>\n\n\n\n<h3 class=\"wp-block-heading\">Har Masterforgex Casino virkelig licens?<\/h3>\n\n\n\n<p>Masterforgex Casinos lovgivningsm\u00e6ssige status er fortsat uklar. Selvom siden h\u00e6vder at v\u00e6re licenseret af Cura\u00e7ao eGaming, peger kilder ogs\u00e5 p\u00e5 operationer under PAGCOR eller Costa Rica-regler, uden klar bekr\u00e6ftelse. Desuden begr\u00e6nser p\u00e5standen om at v\u00e6re \"ikke reguleret i Storbritannien\" og at operere under en offshore-licens europ\u00e6iske spilleres muligheder i tilf\u00e6lde af en tvist. <strong>Den uigennemsigtige regulering er et advarselstegn<\/strong> for sikkerhedsbevidste brugere.<\/p>\n\n\n\n<h3 class=\"wp-block-heading\">Er Masterforgex Casinos bonusser attraktive?<\/h3>\n\n\n\n<p>Kasinoet tilbyder et kreativt loyalitetsprogram (Bonus Crab, Rewards Shop) og en attraktiv velkomstbonus: 100 % op til \u20ac 500 + 200 gratis spins. Men de strenge oms\u00e6tningskrav (x35 p\u00e5 indbetaling + bonus, x40 p\u00e5 gratis spins med en 10-dages forsinkelse) <strong>g\u00f8r det sv\u00e6rt at bruge disse tilbud<\/strong>. Derudover rapporterer spillere om ukrediterede bonusser eller vildledende kampagner, hvilket underminerer trov\u00e6rdigheden af disse fordele.<\/p>\n\n\n\n<h3 class=\"wp-block-heading\">Er Masterforgex Casino-spil fair?<\/h3>\n\n\n\n<p>Kasinoet h\u00e6vder at arbejde med anerkendte udviklere (NetEnt, Evolution Gaming, Pragmatic Play) og garanterer spil, der er revideret af tredjeparter som eCOGRA. Men manglen p\u00e5 konkrete beviser for de offentlige revisioner kombineret med beskyldninger om svindel i forbindelse med udbetalinger giver n\u00e6ring til skepsis. Selvom mekanikken i spillene virker teknisk, <strong>gennemsigtighed om deres retf\u00e6rdighed er stadig utilstr\u00e6kkelig<\/strong> for at berolige spilf\u00e6llesskabet fuldt ud.<\/p>","protected":false},"excerpt":{"rendered":"<p>Masterforgex : Bonus de bienvenue 300% jusqu&rsquo;\u00e0 2000\u20ac Masterforgex casino en ligne 2025 : Profitez d&rsquo;un bonus exclusif de bienvenue de 300% jusqu&rsquo;\u00e0 2500\u20ac S&rsquo;INSCRIRE SE CONNECTER Masterforgex casino : Th\u00e8me et avis n\u00e9gatifs sur les retraits Masterforgex Casino : aventure pirate ou pi\u00e8ge redoutable ? Derri\u00e8re son th\u00e8me immersif et ses bonus all\u00e9chants, les &#8230; <a title=\"home1\" class=\"read-more\" href=\"https:\/\/masterforgex.eu\/da\/\" aria-label=\"Read more about home1\">L\u00e6s Mere<\/a><\/p>","protected":false},"author":1,"featured_media":0,"parent":0,"menu_order":0,"comment_status":"closed","ping_status":"closed","template":"","meta":{"footnotes":""},"class_list":["post-58","page","type-page","status-publish"],"_links":{"self":[{"href":"https:\/\/masterforgex.eu\/da\/wp-json\/wp\/v2\/pages\/58","targetHints":{"allow":["GET"]}}],"collection":[{"href":"https:\/\/masterforgex.eu\/da\/wp-json\/wp\/v2\/pages"}],"about":[{"href":"https:\/\/masterforgex.eu\/da\/wp-json\/wp\/v2\/types\/page"}],"author":[{"embeddable":true,"href":"https:\/\/masterforgex.eu\/da\/wp-json\/wp\/v2\/users\/1"}],"replies":[{"embeddable":true,"href":"https:\/\/masterforgex.eu\/da\/wp-json\/wp\/v2\/comments?post=58"}],"version-history":[{"count":54,"href":"https:\/\/masterforgex.eu\/da\/wp-json\/wp\/v2\/pages\/58\/revisions"}],"predecessor-version":[{"id":235,"href":"https:\/\/masterforgex.eu\/da\/wp-json\/wp\/v2\/pages\/58\/revisions\/235"}],"wp:attachment":[{"href":"https:\/\/masterforgex.eu\/da\/wp-json\/wp\/v2\/media?parent=58"}],"curies":[{"name":"wp","href":"https:\/\/api.w.org\/{rel}","templated":true}]}}