{"id":58,"date":"2025-10-28T04:39:00","date_gmt":"2025-10-28T04:39:00","guid":{"rendered":"https:\/\/masterforgex.eu\/?page_id=58"},"modified":"2025-10-29T16:37:37","modified_gmt":"2025-10-29T16:37:37","slug":"home1","status":"publish","type":"page","link":"https:\/\/masterforgex.eu\/et\/","title":{"rendered":"home1"},"content":{"rendered":"<section class=\"gb-element-c0819d6c banner\">\n<div class=\"gb-element-0659d418\">\n<div class=\"wp-block-columns is-layout-flex wp-container-core-columns-is-layout-9d6595d7 wp-block-columns-is-layout-flex\">\n<div class=\"wp-block-column is-layout-flow wp-block-column-is-layout-flow\">\n<h2 class=\"gb-text gb-text-155ce4c1\"><mark style=\"background-color:var(--contrast)\" class=\"has-inline-color has-base-3-color\">Masterforgex: Tervitusboonus 300% kuni 2000 eurot<\/mark><\/h2>\n\n\n\n<p class=\"has-text-align-center has-base-3-color has-text-color has-link-color wp-elements-be90bf9d38bb242995a2de94f285c05b\"><strong><mark style=\"background-color:var(--contrast)\" class=\"has-inline-color has-base-2-color\">Masterforgex online kasiino 2025: Nautige eksklusiivset tervitusboonust 300% kuni 2500 eurot<\/mark><\/strong><\/p>\n\n\n\n<div class=\"wp-block-columns is-layout-flex wp-container-core-columns-is-layout-9d6595d7 wp-block-columns-is-layout-flex\">\n<div class=\"wp-block-column is-layout-flow wp-block-column-is-layout-flow\" style=\"flex-basis:20px\"><\/div>\n\n\n\n<div class=\"wp-block-column is-layout-flow wp-block-column-is-layout-flow\">\n<a class=\"gb-text gb-text-50c1af7c\" href=\"\/play\/\">REGISTER<\/a>\n<\/div>\n\n\n\n<div class=\"wp-block-column is-layout-flow wp-block-column-is-layout-flow\">\n<a class=\"gb-text gb-text-6d7e1e7e\" href=\"\/play\/\">\u00dcHENDAMINE<\/a>\n<\/div>\n\n\n\n<div class=\"wp-block-column is-layout-flow wp-block-column-is-layout-flow\" style=\"flex-basis:20px\"><\/div>\n<\/div>\n<\/div>\n<\/div>\n<\/div>\n<\/section>\n\n\n\n<h1 class=\"wp-block-heading\">Masterforgex kasiino: teema ja negatiivsed kommentaarid v\u00e4ljav\u00f5tete kohta<\/h1>\n\n\n\n<p>Masterforgex Casino: piraatlik seiklus v\u00f5i hirmu\u00e4ratav l\u00f5ks? Selle kaasahaarava teema ja ahvatlevate boonuste taga on m\u00e4ngijate arvustused, mis heidavad ette blokeeritud v\u00e4ljav\u00f5tteid (kuni 15 p\u00e4eva jooksul), v\u00e4ljamaksmata raha ja fantoomset klienditeenindust, hoolimata selle 24\/7 lubadustest. Sellised kampaaniad nagu \"Bonus Crab\" v\u00f5i VIP-pood kehtestavad n\u00f5udlikud panustamisn\u00f5uded (x35), samas kui offshore-litsents (Cura\u00e7ao) ja s\u00fc\u00fcdistused kelmustes (\"rahavargus\", lubamatud v\u00e4ljamaksed) \u00f5\u00f5nestavad selle usaldusv\u00e4\u00e4rsust. Meie anal\u00fc\u00fcs n\u00e4itab, et rohkem kui 6000 m\u00e4ngu on saadaval, kuid v\u00e4ljamaksete kohta on esitatud hulgaliselt kaebusi. <strong>lubatud kuld on sageli k\u00e4ttesaamatu<\/strong>.<\/p>\n\n\n\n<ol class=\"wp-block-list\">\n<li><a href=\"#Masterforgex-casino\">Masterforgex kasiino: edukas sisenemine online-m\u00e4ngude maailma?<\/a><\/li>\n\n\n\n<li><a href=\"#analyse-des-bonus-et-promotions\">Boonuste ja kampaaniate anal\u00fc\u00fcs: aarded k\u00e4eulatuses?<\/a><\/li>\n\n\n\n<li><a href=\"#la-ludotheque-de-Masterforgex-casino\">Masterforgex Casino m\u00e4ngude raamatukogu: mitmekesine m\u00e4ngude valik<\/a><\/li>\n\n\n\n<li><a href=\"#fiabilite-et-securite-lepreuve-de-verite-pour-Masterforgex-casino\">Usaldusv\u00e4\u00e4rsus ja turvalisus: Masterforgex Casino lakmuspaberitest<\/a><\/li>\n\n\n\n<li><a href=\"#inscription-gestion-paiements\">Maksete registreerimine ja haldamine Masterforgex kasiinos<\/a><\/li>\n\n\n\n<li><a href=\"#verdict\">Meie otsus: kas peaksite Masterforgexi laeva pardale minema?<\/a><\/li>\n<\/ol>\n\n\n\n<h2 class=\"wp-block-heading\" id=\"Masterforgex-casino\">Masterforgex kasiino: edukas sisenemine online-m\u00e4ngude maailma?<\/h2>\n\n\n\n<figure class=\"wp-block-table\"><table class=\"has-fixed-layout\"><tbody><tr><th>Omadused<\/th><th>\u00dcksikasjad<\/th><\/tr><tr><td>Tervitusboonus<\/td><td>100 % kuni 500 \u20ac + 200 tasuta keerutusi (panustamisn\u00f5uded: 35x boonus + sissemakse, 40x tasuta keerutused)<\/td><\/tr><tr><td>M\u00e4nguasjade raamatukogu<\/td><td>\u00dcle 6000 m\u00e4ngu (m\u00e4nguautomaadid, lauam\u00e4ngud, live-kasiino)<\/td><\/tr><tr><td>Teatatud litsents(id)<\/td><td>Vastuoluline teave: m\u00f5nede allikate kohaselt PAGCOR, teiste allikate kohaselt Cura\u00e7ao, puudub ametlik teave kohapeal.<\/td><\/tr><tr><td>Makseviisid<\/td><td>Pangakaardid, e-rahakotid (Skrill, Neteller), kr\u00fcptovaluutad (Bitcoin, Litecoin, Tether)<\/td><\/tr><tr><td>Klienditugi<\/td><td>Reklaamitud kui 24\/7 (vestlus, e-post), kuid kasutajate poolt vaidlustatud t\u00f5husus.<\/td><\/tr><tr><td><strong>\u00dcldine kasutaja arvamus<\/strong><\/td><td>Enamasti v\u00e4ga negatiivne (v\u00e4ljav\u00f5tmisprobleemid, klienditeenindus), kuid m\u00f5ned positiivsed arvustused<\/td><\/tr><\/tbody><\/table><\/figure>\n\n\n\n<p>Invicta Tech LTD poolt 2024. aastal k\u00e4ivitatud Masterforgex Casino on juurdunud piraatide teemasse, millel on kaasahaarav kasutajaliides ja \u00fcle 6000 m\u00e4ngu, sealhulgas teenindusajad (millest on loetletud 5374), lauam\u00e4ngud ja live-kasiino koos selliste pakkujatega nagu Evolution Gaming. Sissemaksed on kohesed (alates 10 eurost) ja v\u00e4ljamaksed varieeruvad 24 tunni jooksul kr\u00fcptovaluutade puhul ja 3 p\u00e4eva jooksul \u00fclekannete puhul. Vaatamata paeluvale kujundusele ja ambitsioonikale sooduspakkumisele (igan\u00e4dalane cashback, VIP-boonus), <strong>segatud kasutajate tagasiside<\/strong>. On Trustpilot, <strong>m\u00e4ngijad denonsseerivad<\/strong> viivitused v\u00e4ljamaksete tegemisel (kuni 15 p\u00e4eva), suletud klienditeenindus (m\u00f5nel on 50 vastamata e-kirja) ja n\u00f5udlikud panustamistingimused (x35 kuni x40). V\u00e4hemus siiski r\u00f5hutab <strong>graafika ja live-m\u00e4ngude kvaliteet<\/strong>. Enne registreerimist peate <strong>on oluline kontrollida boonuste tingimusi<\/strong>Nende hulka kuuluvad panustamisajad (10 p\u00e4eva tasuta keerutuste puhul) ja l\u00e4bipaistvus litsentside osas, mis ametlikul veebisaidil puuduvad.<\/p>\n\n\n\n<h2 class=\"wp-block-heading\" id=\"analyse-des-bonus-et-promotions\">Boonuste ja kampaaniate anal\u00fc\u00fcs: aarded k\u00e4eulatuses?<\/h2>\n\n\n\n<h3 class=\"wp-block-heading\" id=\"le-bonus-de-bienvenue-sous-la-loupe\">Tervitusboonus mikroskoobi all<\/h3>\n\n\n\n<p>Masterforgex Casino pakub atraktiivset tervitusboonust: 100 % kuni 750 $ pluss 200 tasuta keerutust. Kuid <strong>kihlvedude tingimused v\u00e4\u00e4rivad hoolikat t\u00e4helepanu<\/strong>. Boonusraha puhul kehtib deposiidi + boonuse suhtes kordaja x35. Tasuta keerutuste v\u00f5idud n\u00f5uavad x40 panust. Need n\u00f5uded tuleb t\u00e4ita 10 p\u00e4eva jooksul.<\/p>\n\n\n\n<p>Konkreetne n\u00e4ide: 100 $ sissemakse koos 100 $ boonusega annab 200 $, mis tuleb panustada (x35 = 7000 $, mis tuleb kinnitada). Kui panustamise tingimused ei ole t\u00e4idetud, <strong>v\u00f5idud ei kuulu v\u00e4ljav\u00f5tmisele<\/strong>. Samuti kehtivad maksimaalsed panustamispiirangud (nt 5 $ spinni kohta). Ilma konto kinnitamiseta on v\u00e4ljamaksed blokeeritud, isegi kui panus on t\u00e4idetud. Pange t\u00e4hele, et m\u00e4nguautomaadid loevad sageli 100 % panust, erinevalt blackjackist v\u00f5i ruletist, kus panus on v\u00e4iksem v\u00f5i null.<\/p>\n\n\n\n<h3 class=\"wp-block-heading\" id=\"promotions-regulieres-et-programme-de-fidelite-unique\">Regulaarsed kampaaniad ja ainulaadne p\u00fcsikliendiprogramm<\/h3>\n\n\n\n<p>Kasiino pakub selliseid kampaaniaid nagu cashback, reload-boonused ja eripakkumised. Siiski ei ole selliste mehhanismide nagu \"Boonuskrabi\" v\u00f5i \"Kauplus\" \u00fcksikasjad avalikult k\u00e4ttesaadavad, kuna paljudes riikides on juurdep\u00e4\u00e4s veebilehele blokeeritud. \"Piraatlusmissioone\" kirjeldatakse kui igap\u00e4evaste v\u00e4ljakutsete s\u00fcsteemi, kuid nende toimimine j\u00e4\u00e4b ebaselgeks. Nende vahendite eesm\u00e4rk on suurendada m\u00e4ngijate lojaalsust, kuid <strong>nende t\u00f5husust on raske hinnata ilma otsese juurdep\u00e4\u00e4suta<\/strong>.<\/p>\n\n\n\n<p>Trustpiloti \u00fclevaadetes tuuakse esile korduvaid probleeme: boonused, mida ei maksta, l\u00e4bipaistmatud tingimused ja v\u00f5idud, mis t\u00fchistatakse, kuna tingimusi ei j\u00e4rgitud. Seevastu m\u00f5ned kasutajad on teatanud positiivsetest kogemustest, mille kohaselt on v\u00e4ljamaksed tehtud 3-5 p\u00e4eva jooksul ja tugiteenus on reageeriv. See erinevus n\u00e4itab, et <strong>allikate ristviitamise t\u00e4htsus<\/strong> enne registreerimist.<\/p>\n\n\n\n<p>Mida on oluline meeles pidada? Masterforgex Casino boonused on atraktiivsed oma suuremeelsuse t\u00f5ttu, kuid panustamisn\u00f5uded on ranged. Enne registreerumist, <strong>kontrollige alati tingimusi<\/strong> Selleks, et aidata teil teha \u00f5ige valik, on esitatud j\u00e4rgmine teave: kehtivusaeg, k\u00f5lblikud m\u00e4ngud ja panustamispiirangud. Kahtluse korral konsulteerige selliste platvormidega nagu Trustpilot v\u00f5i AskGamblers, et kontrollida teiste m\u00e4ngijate tagasisidet ja v\u00e4ltida ebameeldivaid \u00fcllatusi.<\/p>\n\n\n\n<h2 class=\"wp-block-heading\" id=\"la-ludotheque-de-Masterforgex-casino\">Masterforgex Casino m\u00e4ngude raamatukogu: mitmekesine m\u00e4ngude valik<\/h2>\n\n\n\n<p>Ilmselt m\u00f5tled, millised m\u00e4ngud on Masterforgex Casino's saadaval. See online kasiino pakub <strong>muljetavaldav m\u00e4ngude raamatukogu, milles on \u00fcle 6000 m\u00e4ngu<\/strong> m\u00f5nede allikate kohaselt. Platvormi piraatlik universum kajastub teatud m\u00e4ngudes, kus on kaasahaarav graafika ja mehaanika, mis on inspireeritud ookeanist, peidetud aaretest ja merelahingutest. See teema laieneb isegi VIP-programmi, kus on \"piraatide missioonid\", mille abil saab avada auhindu.<\/p>\n\n\n\n<ul class=\"wp-block-list\">\n<li><strong>M\u00e4nguautomaadid<\/strong> Klassikalised teenindusajad, videoversioonid ja progressiivsed jackpot-m\u00e4ngud. Erinevad teemad, nagu ookeaniseiklused, m\u00fctoloogilised lood v\u00f5i ajaloolised kirjeldused, HD-animatsioonidega ja eriomadustega (tasuta keerutused, boonusvoorud, kordajad).<\/li>\n\n\n\n<li><strong>Lauam\u00e4ngud<\/strong> Blackjack, rulett, baccarat ja online-pokkeri, kusjuures iga tiitli jaoks on mitu varianti. N\u00e4iteks blackjack pakub reegleid, mis sobivad nii algajatele kui ka ekspertidele, samas kui rulett sisaldab Euroopa, Ameerika v\u00f5i Prantsuse versiooni.<\/li>\n\n\n\n<li><strong>Live kasiino<\/strong> Blackjack ja rulett: m\u00e4ngud, mida korraldavad t\u00f5elised diilerid Blackjackis ja ruletis, HD-videovoogude ja reaalajas toimuva suhtlusega. M\u00f5ned m\u00e4ngud sisaldavad lisafunktsioone, nagu mitu kaamerat v\u00f5i live-statistika.<\/li>\n\n\n\n<li><strong>Spordikihlvedude tegemine<\/strong> : Erinevate s\u00fcndmuste koefitsiendid, alates jalgpallist kuni e-spordini, koos reaalajas kihlvedude ja m\u00e4ngueelsete v\u00f5imalustega strateegiaf\u00e4nnidele.<\/li>\n\n\n\n<li>Minim\u00e4ngud : <strong>Kiired, originaalsed formaadid l\u00fchikeste seansside jaoks<\/strong>nagu crash-betting (nt Aviator) v\u00f5i kohese v\u00f5iduga piletim\u00e4ngud.<\/li>\n<\/ul>\n\n\n\n<p>Kasiino teeb koost\u00f6\u00f6d tuntud stuudiotega, mis tagab <strong>m\u00e4ngude kvaliteet ja \u00f5iglus<\/strong> t\u00e4nu juhusliku numbrigeneraatori (RNG) algoritmide regulaarsele testimisele. Need partnerlussuhted arendajatega, nagu NetEnt v\u00f5i Evolution Gaming (kui need on kinnitatud), tagavad optimaalse tehnilise kogemuse. Eelk\u00f5ige live-kasiino v\u00f5imaldab teil kogeda maapealse asutuse atmosf\u00e4\u00e4ri reaalajas striimide ja professionaalsete krupiiride kaudu.<\/p>\n\n\n\n<p>Vaatamata nendele eelistele on juurdep\u00e4\u00e4s veebilehele teatud riikides \u00f5iguslikel p\u00f5hjustel piiratud. Selle offshore Cura\u00e7ao eGaming litsents on k\u00fcll kehtiv, kuid v\u00e4hem range kui Euroopa lubade puhul. Vaadake kasutajate kommentaare, et hinnata tagasisidet v\u00e4ljamaksete (Trustpiloti andmetel sagedased viivitused) v\u00f5i panustamistingimuste kohta ning <strong>kontrollige enne registreerimist oma piirkonna saadavust<\/strong>.<\/p>\n\n\n\n<h2 class=\"wp-block-heading\" id=\"fiabilite-et-securite-lepreuve-de-verite-pour-Masterforgex-casino\">Usaldusv\u00e4\u00e4rsus ja turvalisus: Masterforgex Casino lakmuspaberitest<\/h2>\n\n\n\n<h3 class=\"wp-block-heading\" id=\"une-licence-floue-et-des-questions-de-regulation\">Ebaselge litsents ja regulatiivsed k\u00fcsimused<\/h3>\n\n\n\n<p>\u00dcks esimesi muresid Masterforgex Casino \u00fcmber on selle reguleeriv raamistik. Kuigi sait v\u00e4idab, et tal on Cura\u00e7ao e-m\u00e4ngude litsents, osutavad vastuolulised allikad selge kinnituse puudumisele. Samuti on teateid PAGCORi v\u00f5i Costa Rica litsentside alusel toimuva tegevuse kohta, kuid ametlikku kinnitust ei ole. <strong>Selline l\u00e4bipaistvuse puudumine tekitab k\u00fcsimusi kasiino usaldusv\u00e4\u00e4rsuse kohta.<\/strong>See on seda enam t\u00f5si, et seda peetakse \u00dchendkuningriigis reguleerimata ja see tegutseb offshore-litsentsi alusel. See piirab vaidluse korral \u00f5iguskaitsevahendeid.<\/p>\n\n\n\n<p>Kuigi kasiino propageerib turvalisi tehinguid kr\u00fcpteerimise kaudu, <strong>andmete ja rahaliste vahendite tegelik kaitse j\u00e4\u00e4b ebakindlaks<\/strong> ilma range j\u00e4relevalveta. Ametiasutusi, nagu Cura\u00e7ao eGaming, kritiseeritakse sageli nende madalamate standardite eest, mis j\u00e4tavad ruumi kahtlastele tavadele. Euroopas v\u00f5i \u00dchendkuningriigis tunnustatud litsentsi puudumine on usaldusv\u00e4\u00e4rset operaatorit otsivate m\u00e4ngijate jaoks punane lipp.<\/p>\n\n\n\n<h3 class=\"wp-block-heading\" id=\"avis-des-utilisateurs-des-plaintes-recurrentes-et-graves\">Kasutaja arvamus: korduvad ja t\u00f5sised kaebused<\/h3>\n\n\n\n<p>Trustpiloti tagasiside (keskmine hinne 2,0 5-st, mis p\u00f5hineb 54 hinnangul) annab murettekitava pildi. . <strong>domineerivad v\u00f5\u00f5rutusprobleemid<\/strong>See v\u00f5ib v\u00f5tta kuni 15 p\u00e4eva ja raha ei maksta v\u00e4lja. Siin on, mida \u00fcks kasutaja \u00fctles: <em>\"Tegin taotluse 1. jaanuaril ja 15. kuup\u00e4evaks polnud seda ikka veel t\u00f6\u00f6deldud.<\/em> Teised teatavad t\u00fchistatud v\u00e4ljamaksetest v\u00f5i v\u00e4ljav\u00f5tmismeetoditest, mis on p\u00e4rast sissemakse tegemist muutunud k\u00e4ttesaamatuks.<\/p>\n\n\n\n<p>The <strong>pettuses\u00fc\u00fcdistused<\/strong> on sagedased. M\u00e4ngijad v\u00e4idavad, et nad on \"r\u00f6\u00f6vitud\" v\u00f5i seisavad silmitsi v\u00f5itudega, mida ei ole krediteeritud, nagu n\u00e4iteks see juhtum, kus 270 naela ei ole saadud. Samuti on teatatud ahistamispraktikatest, mille k\u00e4igus \u00fcritatakse omavoliliselt debiteerida v\u00f5i kasutada isikuandmeid pettuse eesm\u00e4rgil. \u00dcks kasutaja teatas, et tema konto on kaebuste peale blokeeritud ja et ta on saanud korduvalt r\u00e4mpsposti.<\/p>\n\n\n\n<p>Klienditeenindus, kuigi seda kiidetakse selle reageerimisv\u00f5ime eest, on regulaarselt <strong>kritiseeriti selle ebat\u00f5hususe t\u00f5ttu<\/strong>. K\u00fcmned e-kirjad j\u00e4\u00e4vad vastamata ja kirjavahetused piirduvad \u00fcldiste vastustega. <em>\"Olen saatnud 50 e-kirja ja ei ole kunagi saanud konkreetset vastust\".<\/em>kaebab \u00fcks m\u00e4ngija. Konto sulgemise katsed viivad sageli blokeerimiseni v\u00f5i liialdatud kontrollitaotlusteni, mis tugevdab usaldamatuse \u00f5hkkonda.<\/p>\n\n\n\n<p>Esineb vaid m\u00f5ned positiivsed arvustused, milles kirjeldatakse edukaid v\u00e4ljav\u00f5tteid n\u00e4dala p\u00e4rast v\u00f5i t\u00e4pset klienditeenindust. Need juhtumid j\u00e4\u00e4vad aga kriitika tulva taustal marginaalseks. Samade kaebuste kordumine - viivitused, l\u00e4bipaistvuse puudumine, agressiivsed tavad - viitab l\u00e4bipaistvuse puudumisele. <strong>hoolimatu \u00e4rimudel, mis kasutab \u00e4ra m\u00e4ngijate haavatavust.<\/strong>.<\/p>\n\n\n\n<h2 class=\"wp-block-heading\" id=\"inscription-gestion-paiements\">Maksete registreerimine ja haldamine Masterforgex kasiinos<\/h2>\n\n\n\n<h3 class=\"wp-block-heading\" id=\"creer-compte\">Kuidas luua konto?<\/h3>\n\n\n\n<p>Masterforgex kasiinos registreerimine toimub standardse protsessi kohaselt: t\u00e4itke vorm (nimi, e-posti aadress, salas\u00f5na), kinnitage oma e-posti aadress v\u00f5i telefoninumber, seej\u00e4rel saatke dokumendid isikusamasuse kontrollimiseks (KYC). See samm on kohustuslik v\u00e4ljamaksete tegemiseks, kuid <strong>paljud kirjeldavad seda kui liigset v\u00f5i takistavat<\/strong> Trustpiloti arvustustes.<\/p>\n\n\n\n<ol class=\"wp-block-list\">\n<li>Juurdep\u00e4\u00e4s veebilehele ja <strong>kliki registreerimisnupule<\/strong>.<\/li>\n\n\n\n<li><strong>T\u00e4itke vorm oma isikuandmetega<\/strong> (nimi, e-posti aadress, parool).<\/li>\n\n\n\n<li>Kinnitage <strong>e-posti aadress v\u00f5i telefoninumber<\/strong>.<\/li>\n\n\n\n<li><strong>Identiteedi kontrollimine<\/strong> saates n\u00f5utavad dokumendid (isikut t\u00f5endav dokument, aadressi t\u00f5endav dokument).<\/li>\n<\/ol>\n\n\n\n<p>M\u00e4ngijad on teatanud ebatavalistest n\u00f5uetest, n\u00e4iteks pangakonto v\u00e4ljav\u00f5tetest kasutamata kontode kohta v\u00f5i ApplePay volitustest, mida on v\u00f5imatu saada. \u00dcks kasutaja, kes v\u00f5itis 100 000 naelsterlingit, pidi esitama t\u00f5endi dokumenteerimata e-rahakoti omandi\u00f5iguse kohta, <strong>blokeerides selle tagasiv\u00f5tmise kuude kaupa<\/strong>.<\/p>\n\n\n\n<h3 class=\"wp-block-heading\" id=\"depots-retraits\">Hoiused ja tagasiv\u00f5tmise tundlik k\u00fcsimus<\/h3>\n\n\n\n<p>Masterforgex aktsepteerib pangakaarte, e-rahakotte ja kr\u00fcptovaluutasid hoiuste tegemiseks (minimaalselt 20 eurot). <strong>Teisalt on tagasiv\u00f5tmine peamine takistuseks.<\/strong>. Saadaval olevad meetodid v\u00f5ivad erineda ja t\u00fchistamised toimuvad ilma selge selgituseta.<\/p>\n\n\n\n<p>Sageli \u00fcletatakse v\u00e4ljakuulutatud t\u00e4htaegu (1-3 p\u00e4eva) ja viivitused v\u00f5ivad ulatuda kuni mitme n\u00e4dalani. \u00dcks Kreeka m\u00e4ngija ootas 60 euro v\u00e4ljamaksmist 11 p\u00e4eva, samas kui teine m\u00e4ngija ei ole alates oktoobrist 2025 ikka veel saanud 3500 naelsterlingit. Trustpilotil (keskmine hinnang 2,0) \u00fctlevad m\u00f5ned inimesed, et <strong>pettuse kasiino<\/strong>Ettev\u00f5te on olnud seotud ka mitmete teiste projektidega, viidates v\u00e4ljamaksmata rahalistele vahenditele ja blokeeritud kontodele p\u00e4rast v\u00f5itude saamist.<\/p>\n\n\n\n<p>Sellele vaatamata on m\u00f5ned haruldased lahendused: \u00fcks kasutaja sai p\u00e4rast kuu aega kestnud ootamist 1000 eurot. Klienditeenindus, kuigi seda reklaamitakse kui vastutulelikku, p\u00fc\u00fcab t\u00f5husalt reageerida, andes \u00fcldisi vastuseid. Kasiinol on Cura\u00e7ao litsents, kuid selle reguleerimise puudumine \u00dchendkuningriigis teeb m\u00f5nedele m\u00e4ngijatele muret. Probleeme s\u00fcvendavad t\u00e4iendavad kontrollid suurte v\u00f5itude puhul (nt ApplePay kviitungid).<\/p>\n\n\n\n<h2 class=\"wp-block-heading\" id=\"verdict\">Meie otsus: kas peaksite Masterforgexi laeva pardale minema?<\/h2>\n\n\n\n<p>Masterforgex Casino pakub originaalset piraatide teemat ja 6000 m\u00e4ngu, sealhulgas teenindusajad, blackjack ja live-m\u00e4ngud. Suurte kirjastajate, nagu NetEnt, pakkumist t\u00e4iendab uuenduslik lojaalsusprogramm (Bonus Crab, Shop). Ja veel, <strong>see \u00fcleskutse varjab m\u00f5ningaid silmatorkavaid n\u00f5rkusi<\/strong>.<\/p>\n\n\n\n<p>Trustpilotil (keskmine hinnang 2,0), <strong>domineerivad v\u00f5\u00f5rutusprobleemid<\/strong> M\u00f5ned kasutajad on teatanud kuni 15 p\u00e4eva pikkustest viivitustest, raha ei ole krediteeritud, meetodid ei ole \u00e4kki k\u00e4ttesaadavad. M\u00f5ned kasutajad on teatanud, et nende kontod on p\u00e4rast v\u00e4ljamakseid blokeeritud (nt 100 euro v\u00e4ljav\u00f5tmise ooteaeg 11 p\u00e4eva). Vaatamata sellele, et klienditeenindus on k\u00e4ttesaadav 24\/7, kritiseeritakse seda sageli selle aegluse ja \u00fcldiste vastuste p\u00e4rast.<\/p>\n\n\n\n<p>Kasiino tegevusluba, mille on eeldatavasti v\u00e4ljastanud Cura\u00e7ao, on endiselt ebakindel. Allikad teatavad, et kasiino tegutseb ilma litsentsita, mis seab kahtluse alla selle reguleerimise. Panustamise tingimused h\u00f5lmavad madalaid piirm\u00e4\u00e4rasid (500 eurot p\u00e4evas) ja KYC-kontrolle, mida m\u00e4ngijad peavad naeruv\u00e4\u00e4rseks, blokeerides v\u00e4ljamaksed n\u00e4dalateks. Need elemendid <strong>tekitada kahtlusi<\/strong>.<\/p>\n\n\n\n<ul class=\"wp-block-list\">\n<li>Eelised :\n<ul class=\"wp-block-list\">\n<li><strong>Piraatide teema<\/strong> kaasahaarav ja originaalne.<\/li>\n\n\n\n<li><strong>Laiendatud m\u00e4ngude raamatukogu<\/strong> (+6000 m\u00e4ngu).<\/li>\n\n\n\n<li><strong>Uuenduslik p\u00fcsikliendiprogramm<\/strong> (Boonus Crab, butiik).<\/li>\n<\/ul>\n<\/li>\n\n\n\n<li>Puudused:\n<ul class=\"wp-block-list\">\n<li><strong>Suures osas negatiivsed kasutajate hinnangud<\/strong> (v\u00e4ljav\u00f5tmised, klienditeenindus).<\/li>\n\n\n\n<li><strong>Probleemne turult k\u00f5rvaldamine<\/strong> (hilinemised, t\u00fchistamised, laekumata j\u00e4\u00e4nud vahendid).<\/li>\n\n\n\n<li><strong>Selguse puudumine<\/strong> litsentsi ja eeskirjade kohta.<\/li>\n<\/ul>\n<\/li>\n<\/ul>\n\n\n\n<p>Kiusatud m\u00e4ngijatele on soovitatav olla \u00e4\u00e4rmiselt ettevaatlik. Enne registreerumist kontrollige s\u00f5ltumatuid kommentaare (Trustpilot, Casino Guru) ja lugege tingimusi, eriti panustamisn\u00f5udeid. Vaatamata m\u00f5nele positiivsele tagasisidele kiire v\u00e4ljav\u00f5tmise kohta, r\u00f5hutab enamik iseloomustusi, et riskid on liiga suured. Kokkuv\u00f5tteks, <strong>Masterforgex on virtuaalne seiklus, mida tuleb v\u00e4ltida<\/strong> kui on kahtlusi usaldusv\u00e4\u00e4rsuse osas.<br>Masterforgex Casino meeldib oma originaalse piraatide teema ja ulatusliku m\u00e4ngude raamatukoguga, kuid paljud negatiivsed arvustused, hilinenud v\u00e4ljamaksed, kehv klienditeenindus ja kahtlane l\u00e4bipaistvus litsentsi kohta teevad sellest v\u00e4ikese pettumuse. <strong>riskantne valik<\/strong>. Vaatamata atraktiivsetele lubadustele peavad m\u00e4ngijad <strong>kaaluge hoiatusi, enne kui p\u00fchendute<\/strong>.<\/p>\n\n\n\n<h2 class=\"wp-block-heading\">KKK<\/h2>\n\n\n\n<h3 class=\"wp-block-heading\">Kas Masterforgex Casino on usaldusv\u00e4\u00e4rne?<\/h3>\n\n\n\n<p>M\u00e4ngijate tagasiside Masterforgex Casino kohta on v\u00e4ga segane. Kuigi platvorm pakub kaasahaaravat teemat ja \u00fcle 6000 m\u00e4ngu sisaldavat m\u00e4ngude raamatukogu, toob enamik Trustpilot'i arvustustest v\u00e4lja korduvad probleemid, sealhulgas \u00e4\u00e4rmiselt pikad v\u00e4ljamaksete tegemise ajad (kuni 15 p\u00e4eva), raha k\u00e4ttesaamata j\u00e4tmine ja klienditeenindus, mis on sageli k\u00e4ttesaamatu v\u00f5i reageerimata. Hoolimata sellest, et m\u00f5nedes dokumentides mainitakse Cura\u00e7ao litsentsi, ringleb selle regulatiivse staatuse kohta vastuoluline teave, mis \u00f5hutab <strong>kahtlused selle usaldusv\u00e4\u00e4rsuse suhtes<\/strong>.<\/p>\n\n\n\n<h3 class=\"wp-block-heading\">Miks on Masterforgex kasiinos v\u00e4ljamaksed problemaatilised?<\/h3>\n\n\n\n<p>Paljud kasutajad on teatanud suurtest raskustest oma v\u00f5itude tagasisaamisel. Kaebuste hulka kuuluvad kuni 11-15 p\u00e4eva kestvad t\u00f6\u00f6tlemisaegade, ilma selgituseta t\u00fchistatud v\u00e4ljamaksete ja p\u00e4rast v\u00f5itu k\u00e4ttesaamatuks muutuvate v\u00e4ljav\u00f5tmismeetodite kohta. Samuti on kritiseeritud isikutuvastuse (KYC) protsessi aeglustumist, mis m\u00f5nikord blokeerib tehinguid. Need takistused koos sageli vaikiva klienditoega on viinud m\u00f5ned m\u00e4ngijad selleni, et <strong>kirjeldada saiti kui pettust<\/strong>.<\/p>\n\n\n\n<h3 class=\"wp-block-heading\">Kas Masterforgex Casino on t\u00f5esti litsentseeritud?<\/h3>\n\n\n\n<p>Masterforgex Casino regulatiivne staatus j\u00e4\u00e4b ebaselgeks. Kuigi sait v\u00e4idab, et Cura\u00e7ao eGaming on litsentseeritud, viitavad allikad ka PAGCORi v\u00f5i Costa Rica m\u00e4\u00e4ruste alusel toimuvale tegevusele, ilma et see oleks selgelt kinnitatud. Lisaks sellele piirab selle v\u00e4ide, et see ei ole \u00dchendkuningriigis reguleeritud ja tegutseb offshore-litsentsi alusel, Euroopa m\u00e4ngijate v\u00f5imalust vaidluse korral p\u00f6\u00f6rduda. <strong>Selle m\u00e4\u00e4ruse l\u00e4bipaistmatus on hoiatusm\u00e4rk.<\/strong> ohutustundlikele kasutajatele.<\/p>\n\n\n\n<h3 class=\"wp-block-heading\">Kas Masterforgex Casino boonused on atraktiivsed?<\/h3>\n\n\n\n<p>Kasiino pakub loomingulist lojaalsusprogrammi (Bonus Crab, Rewards Shop) ja atraktiivset tervitusboonust: 100 % kuni 500 \u20ac + 200 tasuta keerutusi. Kuid ranged panustamisn\u00f5uded (x35 deposiidi + boonuse puhul, x40 tasuta keerutuste puhul 10 p\u00e4evase viivitusega). <strong>raskendavad nende pakkumiste kasutamist<\/strong>. Lisaks sellele teatavad m\u00e4ngijad krediidita boonustest v\u00f5i eksitavatest kampaaniatest, mis \u00f5\u00f5nestab nende h\u00fcvede usaldusv\u00e4\u00e4rsust.<\/p>\n\n\n\n<h3 class=\"wp-block-heading\">Kas Masterforgex Casino m\u00e4ngud on \u00f5iglased?<\/h3>\n\n\n\n<p>Kasiino v\u00e4idab, et teeb koost\u00f6\u00f6d tuntud arendajatega (NetEnt, Evolution Gaming, Pragmatic Play) ja tagab kolmandate osapoolte (nt eCOGRA) poolt auditeeritud m\u00e4ngud. Konkreetsete t\u00f5endite puudumine oma avalike auditite kohta koos s\u00fc\u00fcdistustega v\u00e4ljamaksetega seotud pettuste kohta toidab siiski skeptilisust. Kuigi m\u00e4ngude mehaanika tundub tehniline, <strong>l\u00e4bipaistvus nende \u00f5igluse osas j\u00e4\u00e4b ebapiisavaks<\/strong> m\u00e4ngukogukonna t\u00e4ielikuks rahustamiseks.<\/p>","protected":false},"excerpt":{"rendered":"<p>Masterforgex : Bonus de bienvenue 300% jusqu&rsquo;\u00e0 2000\u20ac Masterforgex casino en ligne 2025 : Profitez d&rsquo;un bonus exclusif de bienvenue de 300% jusqu&rsquo;\u00e0 2500\u20ac S&rsquo;INSCRIRE SE CONNECTER Masterforgex casino : Th\u00e8me et avis n\u00e9gatifs sur les retraits Masterforgex Casino : aventure pirate ou pi\u00e8ge redoutable ? Derri\u00e8re son th\u00e8me immersif et ses bonus all\u00e9chants, les &#8230; <a title=\"home1\" class=\"read-more\" href=\"https:\/\/masterforgex.eu\/et\/\" aria-label=\"Read more about home1\">Read more<\/a><\/p>","protected":false},"author":1,"featured_media":0,"parent":0,"menu_order":0,"comment_status":"closed","ping_status":"closed","template":"","meta":{"footnotes":""},"class_list":["post-58","page","type-page","status-publish"],"_links":{"self":[{"href":"https:\/\/masterforgex.eu\/et\/wp-json\/wp\/v2\/pages\/58","targetHints":{"allow":["GET"]}}],"collection":[{"href":"https:\/\/masterforgex.eu\/et\/wp-json\/wp\/v2\/pages"}],"about":[{"href":"https:\/\/masterforgex.eu\/et\/wp-json\/wp\/v2\/types\/page"}],"author":[{"embeddable":true,"href":"https:\/\/masterforgex.eu\/et\/wp-json\/wp\/v2\/users\/1"}],"replies":[{"embeddable":true,"href":"https:\/\/masterforgex.eu\/et\/wp-json\/wp\/v2\/comments?post=58"}],"version-history":[{"count":54,"href":"https:\/\/masterforgex.eu\/et\/wp-json\/wp\/v2\/pages\/58\/revisions"}],"predecessor-version":[{"id":235,"href":"https:\/\/masterforgex.eu\/et\/wp-json\/wp\/v2\/pages\/58\/revisions\/235"}],"wp:attachment":[{"href":"https:\/\/masterforgex.eu\/et\/wp-json\/wp\/v2\/media?parent=58"}],"curies":[{"name":"wp","href":"https:\/\/api.w.org\/{rel}","templated":true}]}}