{"id":58,"date":"2025-10-28T04:39:00","date_gmt":"2025-10-28T04:39:00","guid":{"rendered":"https:\/\/masterforgex.eu\/?page_id=58"},"modified":"2025-10-29T16:37:37","modified_gmt":"2025-10-29T16:37:37","slug":"home1","status":"publish","type":"page","link":"https:\/\/masterforgex.eu\/sl\/","title":{"rendered":"home1"},"content":{"rendered":"<section class=\"gb-element-c0819d6c banner\">\n<div class=\"gb-element-0659d418\">\n<div class=\"wp-block-columns is-layout-flex wp-container-core-columns-is-layout-9d6595d7 wp-block-columns-is-layout-flex\">\n<div class=\"wp-block-column is-layout-flow wp-block-column-is-layout-flow\">\n<h2 class=\"gb-text gb-text-155ce4c1\"><mark style=\"background-color:var(--contrast)\" class=\"has-inline-color has-base-3-color\">Masterforgex: Dobrodelni bonus 300% do \u20ac 2000<\/mark><\/h2>\n\n\n\n<p class=\"has-text-align-center has-base-3-color has-text-color has-link-color wp-elements-be90bf9d38bb242995a2de94f285c05b\"><strong><mark style=\"background-color:var(--contrast)\" class=\"has-inline-color has-base-2-color\">Masterforgex online casino 2025: U\u017eivajte v ekskluzivnem bonusu dobrodo\u0161lice 300% do \u20ac 2,500<\/mark><\/strong><\/p>\n\n\n\n<div class=\"wp-block-columns is-layout-flex wp-container-core-columns-is-layout-9d6595d7 wp-block-columns-is-layout-flex\">\n<div class=\"wp-block-column is-layout-flow wp-block-column-is-layout-flow\" style=\"flex-basis:20px\"><\/div>\n\n\n\n<div class=\"wp-block-column is-layout-flow wp-block-column-is-layout-flow\">\n<a class=\"gb-text gb-text-50c1af7c\" href=\"\/play\/\">REGISTER<\/a>\n<\/div>\n\n\n\n<div class=\"wp-block-column is-layout-flow wp-block-column-is-layout-flow\">\n<a class=\"gb-text gb-text-6d7e1e7e\" href=\"\/play\/\">POVEZOVANJE<\/a>\n<\/div>\n\n\n\n<div class=\"wp-block-column is-layout-flow wp-block-column-is-layout-flow\" style=\"flex-basis:20px\"><\/div>\n<\/div>\n<\/div>\n<\/div>\n<\/div>\n<\/section>\n\n\n\n<h1 class=\"wp-block-heading\">Masterforgex casino: Tema in negativni pregledi o izpla\u010dilih<\/h1>\n\n\n\n<p>Masterforgex Casino: piratska pustolov\u0161\u010dina ali stra\u0161ljiva past? Za njegovo zanimivo temo in vabljivimi bonusi se v ocenah igralcev pojavljajo o\u010ditki o blokiranih izpla\u010dilih (do 15 dni), neizpla\u010danih sredstvih in navidezni slu\u017ebi za stranke kljub obljubam 24 ur na dan, 7 dni v tednu. Promocije, kot sta \"bonusna rakovica\" ali VIP trgovina, dolo\u010dajo zahtevne stavne zahteve (x35), medtem ko offshore licenca (Cura\u00e7ao) in obto\u017ebe o prevarah (\"kraja denarja\", nedovoljene neposredne bremenitve) zmanj\u0161ujejo njeno verodostojnost. Na\u0161a analiza je pokazala, da je z ve\u010d kot 6.000 igrami, ki so na voljo, a z mno\u017eico prito\u017eb glede izpla\u010dil <strong>obljubljeno zlato je pogosto nedosegljivo.<\/strong>.<\/p>\n\n\n\n<ol class=\"wp-block-list\">\n<li><a href=\"#Masterforgex-casino\">Masterforgex casino: uspe\u0161en vstop v svet spletnih iger na sre\u010do?<\/a><\/li>\n\n\n\n<li><a href=\"#analyse-des-bonus-et-promotions\">Analiza bonusov in promocij: zakladi na dosegu roke?<\/a><\/li>\n\n\n\n<li><a href=\"#la-ludotheque-de-Masterforgex-casino\">Knji\u017enica iger Masterforgex Casino: raznolika paleta iger<\/a><\/li>\n\n\n\n<li><a href=\"#fiabilite-et-securite-lepreuve-de-verite-pour-Masterforgex-casino\">Zanesljivost in varnost: lakmusov papir za Masterforgex Casino<\/a><\/li>\n\n\n\n<li><a href=\"#inscription-gestion-paiements\">Registracija in upravljanje pla\u010dil v igralnici Masterforgex<\/a><\/li>\n\n\n\n<li><a href=\"#verdict\">Na\u0161a presoja: ali bi se morali vkrcati na ladjo Masterforgex?<\/a><\/li>\n<\/ol>\n\n\n\n<h2 class=\"wp-block-heading\" id=\"Masterforgex-casino\">Masterforgex casino: uspe\u0161en vstop v svet spletnih iger na sre\u010do?<\/h2>\n\n\n\n<figure class=\"wp-block-table\"><table class=\"has-fixed-layout\"><tbody><tr><th>Zna\u010dilnosti<\/th><th>Podrobnosti<\/th><\/tr><tr><td>Dobrodelni bonus<\/td><td>100 % do 500 \u20ac + 200 brezpla\u010dnih vrtljajev (zahteve za stavljenje: 35x za bonus + depozit, 40x za brezpla\u010dne vrtljaje)<\/td><\/tr><tr><td>Knji\u017enica igra\u010d<\/td><td>Ve\u010d kot 6.000 iger (igralni avtomati, namizne igre, igralnica v \u017eivo)<\/td><\/tr><tr><td>Dovoljenje(-a), o katerem(-ih) se poro\u010da<\/td><td>Nasprotujo\u010de si informacije: PAGCOR po nekaterih virih, Cura\u00e7ao po drugih, na spletni strani ni uradnih informacij<\/td><\/tr><tr><td>Na\u010dini pla\u010dila<\/td><td>Ban\u010dne kartice, e-denarnice (Skrill, Neteller), kriptovalute (Bitcoin, Litecoin, Tether)<\/td><\/tr><tr><td>Podpora strankam<\/td><td>Ogla\u0161evali so, da je dostopen 24 ur na dan, 7 dni v tednu (klepet, e-po\u0161ta), vendar so uporabniki izpodbijali u\u010dinkovitost.<\/td><\/tr><tr><td><strong>Splo\u0161no mnenje uporabnikov<\/strong><\/td><td>Ve\u010dinoma zelo negativni (te\u017eave z umikom, storitve za stranke), vendar nekaj pozitivnih pregledov<\/td><\/tr><\/tbody><\/table><\/figure>\n\n\n\n<p>Masterforgex Casino, ki ga je leta 2024 za\u010dela dru\u017eba Invicta Tech LTD, je zasidran v piratski tematiki s privla\u010dnim vmesnikom in katalogom ve\u010d kot 6.000 iger, vklju\u010dno z igralnimi avtomati (na seznamu jih je 5.374), namiznimi igrami in igralnico v \u017eivo s ponudniki, kot je Evolution Gaming. Vpla\u010dila so takoj\u0161nja (od 10 \u20ac), izpla\u010dila pa se gibljejo med 24 urami za kriptovalute in 3 dnevi za nakazila. Kljub o\u010darljivemu dizajnu in ambiciozni promocijski ponudbi (tedensko vra\u010dilo denarja, VIP bonus), <strong>me\u0161ane povratne informacije uporabnikov<\/strong>. Na Trustpilot, <strong>igralci obsodijo<\/strong> zamude pri izpla\u010dilih (do 15 dni), zaprta slu\u017eba za pomo\u010d strankam (nekateri so prejeli 50 neodgovorjenih e-po\u0161tnih sporo\u010dil) in zahtevni pogoji stavljenja (x35 do x40). Vendar pa manj\u0161ina poudarja, da <strong>kakovost grafike in iger v \u017eivo<\/strong>. Pred registracijo morate <strong>je treba preveriti pogoje bonusov.<\/strong>Med njimi so \u010dasi stav (10 dni za brezpla\u010dne vrtljaje) in preglednost licenc, ki jih na uradnem spletnem mestu ni.<\/p>\n\n\n\n<h2 class=\"wp-block-heading\" id=\"analyse-des-bonus-et-promotions\">Analiza bonusov in promocij: zakladi na dosegu roke?<\/h2>\n\n\n\n<h3 class=\"wp-block-heading\" id=\"le-bonus-de-bienvenue-sous-la-loupe\">Dobrodo\u0161lica pod drobnogledom<\/h3>\n\n\n\n<p>Masterforgex Casino ponuja privla\u010den bonus za dobrodo\u0161lico: 100 % do 750 $ in 200 brezpla\u010dnih vrtljajev. Vendar pa je <strong>Pogoji stav so vredni posebne pozornosti.<\/strong>. Za bonusni denar velja mno\u017eitelj x35 za polog + bonus. Za dobitke brezpla\u010dnih vrtljajev je treba staviti x40. Te zahteve je treba izpolniti v 10 dneh.<\/p>\n\n\n\n<p>Konkreten primer: polog 100 $ z bonusom 100 $ daje 200 $, ki jih je treba staviti (x35 = 7.000 $, ki jih je treba potrditi). \u010ce pogoji stavljenja niso izpolnjeni, <strong>dobitkov ni mogo\u010de izpla\u010dati.<\/strong>. Veljajo tudi omejitve najvi\u0161jih stav (npr. 5 $ na vrtljaj). Brez preverjanja ra\u010duna so izpla\u010dila blokirana, tudi po izpolnitvi stave. Upo\u0161tevajte, da igralni avtomati pogosto \u0161tejejo 100 % za stavo, za razliko od blackjacka ali rulete, kjer je prispevek manj\u0161i ali ni\u010den.<\/p>\n\n\n\n<h3 class=\"wp-block-heading\" id=\"promotions-regulieres-et-programme-de-fidelite-unique\">Redne promocije in edinstven program zvestobe<\/h3>\n\n\n\n<p>Igralnica ponuja promocije, kot so vra\u010dilo denarja, bonusi za ponovno polnjenje in posebne ponudbe. Vendar podrobnosti o mehanizmih, kot sta \"Bonus Crab\" ali \"Shop\", niso javno dostopne, saj je dostop do spletnega mesta v \u0161tevilnih dr\u017eavah blokiran. Piratske misije\" so opisane kot sistem dnevnih izzivov, vendar njihovo delovanje ostaja nejasno. Cilj teh orodij je pove\u010dati zvestobo igralcev, vendar <strong>njihovo u\u010dinkovitost je te\u017eko oceniti brez neposrednega dostopa<\/strong>.<\/p>\n\n\n\n<p>V pregledih Trustpilot so izpostavljene ponavljajo\u010de se te\u017eave: neodobreni bonusi, nepregledni pogoji in razveljavljeni dobitki, ker pogoji niso bili upo\u0161tevani. Nasprotno pa nekateri uporabniki poro\u010dajo o pozitivnih izku\u0161njah z izpla\u010dili v 3 do 5 dneh in odzivno podporo. Ta razlika ka\u017ee na to, da <strong>pomen navzkri\u017enega sklicevanja na vire.<\/strong> pred registracijo.<\/p>\n\n\n\n<p>Kaj je pomembno, da si zapomnite? Bonusi igralnice Masterforgex so privla\u010dni zaradi svoje radodarnosti, vendar so stavne zahteve stroge. Pred prijavo, <strong>vedno preverite pogoje.<\/strong> V pomo\u010d pri izbiri so vam naslednje informacije: obdobje veljavnosti, upravi\u010dene igre in omejitve stav. \u010ce ste v dvomih, se obrnite na platforme, kot sta Trustpilot ali AskGamblers, da preverite mnenja drugih igralcev in se izognete neprijetnim presene\u010denjem.<\/p>\n\n\n\n<h2 class=\"wp-block-heading\" id=\"la-ludotheque-de-Masterforgex-casino\">Knji\u017enica iger Masterforgex Casino: raznolika paleta iger<\/h2>\n\n\n\n<p>Verjetno se spra\u0161ujete, katere igre so na voljo v Masterforgex Casino. Ta spletna igralnica ponuja <strong>impresivno knji\u017enico iger z ve\u010d kot 6.000 igrami.<\/strong> po nekaterih virih. Piratsko vesolje platforme se odra\u017ea v nekaterih igrah s poglobljeno grafiko in mehaniko, ki jo navdihujejo ocean, skriti zakladi in pomorske bitke. Ta tema se razteza celo na program VIP s \"piratskimi misijami\" za odklepanje nagrad.<\/p>\n\n\n\n<ul class=\"wp-block-list\">\n<li><strong>Igralni avtomati<\/strong> Klasi\u010dni igralni avtomati, video razli\u010dice in igre s progresivnim jackpotom. Razli\u010dne teme, kot so oceanske pustolov\u0161\u010dine, mitolo\u0161ke zgodbe ali zgodovinske zgodbe, z animacijami HD in posebnimi funkcijami (brezpla\u010dni vrtljaji, bonus krogi, mno\u017eitelji).<\/li>\n\n\n\n<li><strong>Namizne igre<\/strong> Blackjack, ruleta, baccarat in spletni poker z ve\u010d razli\u010dicami za vsak naslov. Blackjack na primer ponuja pravila, primerna za za\u010detnike ali strokovnjake, ruleta pa evropske, ameri\u0161ke ali francoske razli\u010dice.<\/li>\n\n\n\n<li><strong>Igralnica v \u017eivo<\/strong> Blackjack in ruleta: Igre, ki jih vodijo pravi delivci za blackjack in ruleto, z videoprenosi HD in interakcijami v realnem \u010dasu. Nekatere igre vklju\u010dujejo dodatne funkcije, kot so ve\u010d kamer ali statistike v \u017eivo.<\/li>\n\n\n\n<li><strong>\u0160portne stave<\/strong> : stave na razli\u010dne dogodke, od nogometa do e-\u0161portov, s stavami v realnem \u010dasu in mo\u017enostmi pred tekmo za ljubitelje strategij.<\/li>\n\n\n\n<li>Mini igre : <strong>Hitri, izvirni formati za kratke seje<\/strong>kot so stave na nesre\u010do (npr. Aviator) ali igre s takoj\u0161njim dobitkom s takoj\u0161njim dobitkom.<\/li>\n<\/ul>\n\n\n\n<p>Igralnica sodeluje s priznanimi studii, kar zagotavlja <strong>kakovost in po\u0161tenost iger.<\/strong> zaradi rednega testiranja algoritmov generatorja naklju\u010dnih \u0161tevil (RNG). Ta partnerstva z razvijalci, kot sta NetEnt ali Evolution Gaming (\u010de so potrjena), zagotavljajo optimalno tehni\u010dno izku\u0161njo. Predvsem igralnica v \u017eivo vam omogo\u010da, da s prenosi v realnem \u010dasu in profesionalnimi krupjeji do\u017eivite vzdu\u0161je kopenskega lokala.<\/p>\n\n\n\n<p>Kljub tem prednostim je dostop do spletnega mesta v nekaterih dr\u017eavah zaradi pravnih razlogov omejen. Njeno dovoljenje za e-igre na morju Cura\u00e7ao je sicer veljavno, vendar je manj strogo kot evropska dovoljenja. Preverite mnenja uporabnikov, da ocenite povratne informacije o izpla\u010dilih (po podatkih Trustpilota so pogoste zamude) ali pogojih stavljenja, in <strong>pred registracijo preverite razpolo\u017eljivost v svoji regiji<\/strong>.<\/p>\n\n\n\n<h2 class=\"wp-block-heading\" id=\"fiabilite-et-securite-lepreuve-de-verite-pour-Masterforgex-casino\">Zanesljivost in varnost: lakmusov papir za Masterforgex Casino<\/h2>\n\n\n\n<h3 class=\"wp-block-heading\" id=\"une-licence-floue-et-des-questions-de-regulation\">Nejasno dovoljenje in regulativna vpra\u0161anja<\/h3>\n\n\n\n<p>Eden od prvih pomislekov v zvezi z igralnico Masterforgex Casino je njen regulativni okvir. \u010ceprav spletna stran trdi, da ima licenco Cura\u00e7ao eGaming, nasprotujo\u010di si viri opozarjajo na pomanjkanje jasne potrditve. Obstajajo tudi poro\u010dila o poslovanju na podlagi licenc PAGCOR ali Kostarike, vendar brez uradne potrditve. <strong>To pomanjkanje preglednosti spro\u017ea vpra\u0161anja o verodostojnosti igralnice.<\/strong>To \u0161e toliko bolj dr\u017ei, ker velja, da je v Zdru\u017eenem kraljestvu neregulirana in da deluje na podlagi dovoljenja na morju. To omejuje pravno sredstvo v primeru spora.<\/p>\n\n\n\n<p>\u010ceprav igralnica zagovarja varne transakcije s \u0161ifriranjem, <strong>dejanska za\u0161\u010dita podatkov in sredstev ostaja negotova.<\/strong> brez strogega nadzora. Organi, kot je Cura\u00e7ao eGaming, so pogosto kritizirani zaradi ni\u017ejih standardov, ki dopu\u0161\u010dajo dvomljive prakse. Pomanjkanje priznane licence v Evropi ali Zdru\u017eenem kraljestvu je rde\u010da zastava za igralce, ki i\u0161\u010dejo zanesljivega operaterja.<\/p>\n\n\n\n<h3 class=\"wp-block-heading\" id=\"avis-des-utilisateurs-des-plaintes-recurrentes-et-graves\">Mnenje uporabnikov: ponavljajo\u010de se in resne prito\u017ebe<\/h3>\n\n\n\n<p>Povratne informacije Trustpilot (povpre\u010dna ocena 2,0 od 5 na podlagi 54 pregledov) ka\u017eejo zaskrbljujo\u010do sliko. Spletna stran <strong>prevladujejo te\u017eave z odtegnitvijo<\/strong>To lahko traja do 15 dni, denar pa ni izpla\u010dan. To je mnenje enega od uporabnikov: <em>\"Zahtevek sem oddal 1. januarja in do 15. januarja \u0161e vedno ni bil obdelan.<\/em> Drugi poro\u010dajo o preklicanih izpla\u010dilih ali na\u010dinih izpla\u010dil, ki so po opravljenem pologu postali nedostopni.<\/p>\n\n\n\n<p>Spletna stran <strong>obto\u017ebe goljufije<\/strong> so pogoste. Igralci trdijo, da so bili \"oropani\" ali da se soo\u010dajo z dobitki, ki niso bili nakazani, kot v tem primeru, ko niso prejeli 270 funtov. Poro\u010dajo tudi o nadlegovanju, poskusih nepoobla\u0161\u010dene obremenitve ali goljufivi uporabi osebnih podatkov. En uporabnik je poro\u010dal, da je bil njegov ra\u010dun po prito\u017ebah blokiran in da je ve\u010dkrat prejel ne\u017eelena sporo\u010dila.<\/p>\n\n\n\n<p>Slu\u017eba za pomo\u010d strankam, ki je sicer hvaljena zaradi svoje odzivnosti, je redno <strong>kritiziran zaradi neu\u010dinkovitosti.<\/strong>. Na desetine elektronskih sporo\u010dil ostane brez odgovora, izmenjave pa so omejene na splo\u0161ne odgovore. <em>\"Poslal sem \u017ee 50 e-po\u0161tnih sporo\u010dil in nikoli nisem prejel konkretnega odgovora.\"<\/em>se prito\u017euje eden od igralcev. Poskusi zaprtja ra\u010duna se pogosto kon\u010dajo z blokiranjem ali pretiranimi zahtevami za preverjanje, kar krepi vzdu\u0161je nezaupanja.<\/p>\n\n\n\n<p>Pojavi se le nekaj pozitivnih pregledov, ki opisujejo uspe\u0161na izpla\u010dila po enem tednu ali to\u010dno storitev za stranke. Vendar ti primeri ostajajo ob poplavi kritik obrobni. Ponavljanje istih prito\u017eb - zamude, pomanjkanje preglednosti, agresivne prakse - ka\u017ee na pomanjkanje preglednosti. <strong>brezobziren poslovni model, ki izkori\u0161\u010da ranljivost igralcev.<\/strong>.<\/p>\n\n\n\n<h2 class=\"wp-block-heading\" id=\"inscription-gestion-paiements\">Registracija in upravljanje pla\u010dil v igralnici Masterforgex<\/h2>\n\n\n\n<h3 class=\"wp-block-heading\" id=\"creer-compte\">Kako ustvarim ra\u010dun?<\/h3>\n\n\n\n<p>Registracija v Masterforgex Casino poteka po standardnem postopku: izpolnite obrazec (ime, e-po\u0161ta, geslo), potrdite svoj e-po\u0161tni naslov ali telefonsko \u0161tevilko, nato pa po\u0161ljite dokumente za preverjanje identitete (KYC). Ta korak je obvezen za izpla\u010dila, vendar <strong>mnogi jo opisujejo kot pretirano ali obstruktivno.<\/strong> v pregledih Trustpilot.<\/p>\n\n\n\n<ol class=\"wp-block-list\">\n<li>Dostopite do spletnega mesta in <strong>kliknite na gumb za registracijo.<\/strong>.<\/li>\n\n\n\n<li><strong>Izpolnite obrazec z osebnimi podatki<\/strong> (ime, e-po\u0161tni naslov, geslo).<\/li>\n\n\n\n<li>Potrdite <strong>e-po\u0161tni naslov ali telefonsko \u0161tevilko.<\/strong>.<\/li>\n\n\n\n<li><strong>Preverjanje identitete<\/strong> s po\u0161iljanjem zahtevanih dokumentov (osebni dokument, dokazilo o naslovu).<\/li>\n<\/ol>\n\n\n\n<p>Igralci poro\u010dajo o nenavadnih zahtevah, kot so ban\u010dni izpiski za neuporabljene ra\u010dune ali poverilnice ApplePay, ki jih je nemogo\u010de pridobiti. Nek uporabnik, ki je osvojil 100 000 funtov, je moral predlo\u017eiti dokazilo o lastni\u0161tvu nedokumentirane elektronske denarnice, <strong>ve\u010d mesecev blokirala njegov umik.<\/strong>.<\/p>\n\n\n\n<h3 class=\"wp-block-heading\" id=\"depots-retraits\">Vloge in ob\u010dutljivo vpra\u0161anje izpla\u010dil<\/h3>\n\n\n\n<p>Masterforgex sprejema ban\u010dne kartice, e-denarnice in kriptovalute za depozite (najmanj 20 \u20ac). <strong>Glavni kamen spotike pa so izpla\u010dila.<\/strong>. Na voljo so lahko razli\u010dni na\u010dini, odpovedi pa se pojavljajo brez jasnega pojasnila.<\/p>\n\n\n\n<p>Razpisani roki (1 do 3 dni) so pogosto prekora\u010deni, zamude pa lahko trajajo tudi ve\u010d tednov. Eden od gr\u0161kih igralcev je na izpla\u010dilo 60 evrov \u010dakal 11 dni, medtem ko drugi od oktobra 2025 \u0161e vedno ni prejel 3.500 funtov. Na spletni strani Trustpilot (povpre\u010dna ocena 2,0) nekateri pravijo, da <strong>igralnica prevarantov<\/strong>Podjetje je sodelovalo tudi pri \u0161tevilnih drugih projektih, pri \u010demer je navajalo neizpla\u010dana sredstva in blokirane ra\u010dune po prejemu dobitkov.<\/p>\n\n\n\n<p>Kljub temu obstajajo redke re\u0161itve: en uporabnik je po mesecu dni \u010dakanja prejel 1.000 EUR. Slu\u017eba za pomo\u010d strankam, ki je sicer ogla\u0161evana kot odzivna, ima te\u017eave z u\u010dinkovitim odzivanjem in mno\u017ei generi\u010dne odgovore. Igralnica ima licenco Cura\u00e7ao, vendar pomanjkanje regulacije v Zdru\u017eenem kraljestvu skrbi nekatere igralce. Dodatni pregledi za velike dobitke (npr. potrdila ApplePay) \u0161e pove\u010dujejo te\u017eave.<\/p>\n\n\n\n<h2 class=\"wp-block-heading\" id=\"verdict\">Na\u0161a presoja: ali bi se morali vkrcati na ladjo Masterforgex?<\/h2>\n\n\n\n<p>Masterforgex Casino ponuja izvirno piratsko temo in knji\u017enico iger 6.000 iger, vklju\u010dno z igralnimi avtomati, blackjackom in igrami v \u017eivo. Ponudba je dopolnjena z inovativnim programom zvestobe (Bonus Crab, Shop), ki ga ponujajo veliki zalo\u017eniki, kot je NetEnt. In vendar, <strong>ta prito\u017eba prikriva nekatere o\u010ditne pomanjkljivosti<\/strong>.<\/p>\n\n\n\n<p>Na Trustpilotu (povpre\u010dna ocena 2,0), <strong>prevladujejo te\u017eave z odtegnitvijo<\/strong> Nekateri uporabniki poro\u010dajo o zamudah do 15 dni, o neodobrenih sredstvih in nenadoma nedostopnih metodah. Nekateri uporabniki poro\u010dajo, da so bili njihovi ra\u010duni po poskusih dviga blokirani (npr.: 11 dni \u010dakanja na izpla\u010dilo 100 EUR). Kljub temu da je slu\u017eba za pomo\u010d strankam na voljo 24 ur na dan, jo pogosto kritizirajo zaradi po\u010dasnosti in splo\u0161nih odgovorov.<\/p>\n\n\n\n<p>Licenca igralnice, ki jo je domnevno izdal Cura\u00e7ao, ostaja negotova. Viri poro\u010dajo, da ima status \"posluje brez licence\", kar vzbuja dvom o njeni ureditvi. Pogoji za stave vklju\u010dujejo nizke omejitve (500 EUR na dan) in preglede KYC, ki so po mnenju igralcev \"sme\u0161ni\", zaradi \u010desar so izpla\u010dila blokirana ve\u010d tednov. Ti elementi <strong>vzbuditi sume.<\/strong>.<\/p>\n\n\n\n<ul class=\"wp-block-list\">\n<li>Prednosti :\n<ul class=\"wp-block-list\">\n<li><strong>Piratska tema<\/strong> poglobljeno in izvirno.<\/li>\n\n\n\n<li><strong>Raz\u0161irjena knji\u017enica iger<\/strong> (+6000 iger).<\/li>\n\n\n\n<li><strong>Inovativen program zvestobe<\/strong> (Bonus Crab, Boutique).<\/li>\n<\/ul>\n<\/li>\n\n\n\n<li>Slabosti :\n<ul class=\"wp-block-list\">\n<li><strong>Ve\u010dinoma negativni pregledi uporabnikov<\/strong> (izpla\u010dila, storitve za stranke).<\/li>\n\n\n\n<li><strong>Problemati\u010dni umiki<\/strong> (zamude, odpovedi, neprejeta sredstva).<\/li>\n\n\n\n<li><strong>Pomanjkanje jasnosti<\/strong> o dovoljenju in pravilih.<\/li>\n<\/ul>\n<\/li>\n<\/ul>\n\n\n\n<p>Za sku\u0161njavne igralce je priporo\u010dljiva izjemna previdnost. Pred prijavo preverite neodvisne ocene (Trustpilot, Casino Guru) in preberite pogoje, zlasti zahteve za stave. Kljub nekaterim pozitivnim povratnim informacijam o hitrih izpla\u010dilih ve\u010dina pri\u010devanj poudarja, da so tveganja prevelika. \u010ce povzamemo, <strong>Masterforgex je virtualna pustolov\u0161\u010dina, ki se ji je treba izogniti<\/strong> \u010de obstaja kakr\u0161en koli dvom o zanesljivosti.<br>Masterforgex Casino privla\u010di s svojo izvirno piratsko temo in obse\u017eno knji\u017enico iger, vendar je zaradi \u0161tevilnih negativnih pregledov, poznih izpla\u010dil, slabih storitev za stranke in dvomljive preglednosti glede licence nekoliko razo\u010daran. <strong>tvegana izbira<\/strong>. Kljub privla\u010dnim obljubam morajo igralci <strong>preden se zave\u017eete, pretehtajte opozorila.<\/strong>.<\/p>\n\n\n\n<h2 class=\"wp-block-heading\">POGOSTA VPRA\u0160ANJA<\/h2>\n\n\n\n<h3 class=\"wp-block-heading\">Je Masterforgex Casino zanesljiv?<\/h3>\n\n\n\n<p>Povratne informacije igralcev o Masterforgex Casino so zelo me\u0161ane. \u010ceprav platforma ponuja zanimivo temo in knji\u017enico iger z ve\u010d kot 6.000 igrami, ve\u010dina pregledov na Trustpilotu izpostavlja ponavljajo\u010de se te\u017eave, vklju\u010dno z izjemno dolgimi \u010dasi izpla\u010dil (do 15 dni), ne prejetimi sredstvi in storitvami za stranke, ki so pogosto nedosegljive ali neodzivne. Kljub temu, da je v nekaterih dokumentih omenjena licenca Cura\u00e7ao, se o njenem regulativnem statusu \u0161irijo nasprotujo\u010de si informacije, kar spodbuja strahove, da bo podjetje prisiljeno umakniti svoja sredstva. <strong>dvomi o njegovi zanesljivosti.<\/strong>.<\/p>\n\n\n\n<h3 class=\"wp-block-heading\">Zakaj so izpla\u010dila v igralnici Masterforgex Casino problemati\u010dna?<\/h3>\n\n\n\n<p>\u0160tevilni uporabniki poro\u010dajo o velikih te\u017eavah pri izterjavi dobitkov. Prito\u017ebe vklju\u010dujejo \u010das obdelave do 11 do 15 dni, odpovedi izpla\u010dil brez pojasnila in nedostopnost na\u010dinov izpla\u010dila po dobitku. Tudi postopek preverjanja identitete (KYC) je kritiziran, ker je po\u010dasen in v\u010dasih blokira transakcije. Zaradi teh ovir in pogosto tihe podpore strankam so se nekateri igralci odlo\u010dili, da <strong>spletno stran ozna\u010dite kot prevaro.<\/strong>.<\/p>\n\n\n\n<h3 class=\"wp-block-heading\">Je Masterforgex Casino res licenciran?<\/h3>\n\n\n\n<p>Regulativni status igralnice Masterforgex Casino ostaja nejasen. \u010ceprav spletna stran trdi, da ima licenco Cura\u00e7ao eGaming, viri brez jasne potrditve navajajo tudi delovanje v skladu s predpisi PAGCOR ali Kostarike. Poleg tega trditev, da \"ni regulirana v Zdru\u017eenem kraljestvu\" in da posluje na podlagi licence v tujini, omejuje mo\u017enost evropskih igralcev, da se v primeru spora zate\u010dejo k njej. <strong>Nepreglednost njene ureditve je opozorilni znak.<\/strong> za uporabnike, ki skrbijo za varnost.<\/p>\n\n\n\n<h3 class=\"wp-block-heading\">Ali so bonusi Masterforgex Casinoja privla\u010dni?<\/h3>\n\n\n\n<p>Igralnica ponuja kreativen program zvestobe (Bonus Crab, Rewards Shop) in privla\u010den bonus za dobrodo\u0161lico: 100 % do 500 \u20ac + 200 brezpla\u010dnih vrtljajev. Vendar pa so stroge zahteve za stavljenje (x35 za depozit + bonus, x40 za brezpla\u010dne vrtljaje z 10-dnevnim zamikom) <strong>ote\u017eujejo uporabo teh ponudb.<\/strong>. Poleg tega igralci poro\u010dajo o neodobrenih bonusih ali zavajajo\u010dih promocijah, kar zmanj\u0161uje verodostojnost teh ugodnosti.<\/p>\n\n\n\n<h3 class=\"wp-block-heading\">Ali so igre Masterforgex Casino po\u0161tene?<\/h3>\n\n\n\n<p>Igralnica trdi, da sodeluje s priznanimi razvijalci (NetEnt, Evolution Gaming, Pragmatic Play) in zagotavlja igre, ki jih revidirajo tretje strani, kot je eCOGRA. Vendar pa pomanjkanje konkretnih dokazov o javnih revizijah skupaj z obto\u017ebami o goljufijah, povezanih z izpla\u010dili, spodbuja skepso. \u010ceprav se zdi, da je mehanika iger tehni\u010dna, <strong>preglednost glede njihove pravi\u010dnosti ostaja nezadostna.<\/strong> da bi v celoti pomirili igralno skupnost.<\/p>","protected":false},"excerpt":{"rendered":"<p>Masterforgex : Bonus de bienvenue 300% jusqu&rsquo;\u00e0 2000\u20ac Masterforgex casino en ligne 2025 : Profitez d&rsquo;un bonus exclusif de bienvenue de 300% jusqu&rsquo;\u00e0 2500\u20ac S&rsquo;INSCRIRE SE CONNECTER Masterforgex casino : Th\u00e8me et avis n\u00e9gatifs sur les retraits Masterforgex Casino : aventure pirate ou pi\u00e8ge redoutable ? Derri\u00e8re son th\u00e8me immersif et ses bonus all\u00e9chants, les &#8230; <a title=\"home1\" class=\"read-more\" href=\"https:\/\/masterforgex.eu\/sl\/\" aria-label=\"Read more about home1\">Read more<\/a><\/p>","protected":false},"author":1,"featured_media":0,"parent":0,"menu_order":0,"comment_status":"closed","ping_status":"closed","template":"","meta":{"footnotes":""},"class_list":["post-58","page","type-page","status-publish"],"_links":{"self":[{"href":"https:\/\/masterforgex.eu\/sl\/wp-json\/wp\/v2\/pages\/58","targetHints":{"allow":["GET"]}}],"collection":[{"href":"https:\/\/masterforgex.eu\/sl\/wp-json\/wp\/v2\/pages"}],"about":[{"href":"https:\/\/masterforgex.eu\/sl\/wp-json\/wp\/v2\/types\/page"}],"author":[{"embeddable":true,"href":"https:\/\/masterforgex.eu\/sl\/wp-json\/wp\/v2\/users\/1"}],"replies":[{"embeddable":true,"href":"https:\/\/masterforgex.eu\/sl\/wp-json\/wp\/v2\/comments?post=58"}],"version-history":[{"count":54,"href":"https:\/\/masterforgex.eu\/sl\/wp-json\/wp\/v2\/pages\/58\/revisions"}],"predecessor-version":[{"id":235,"href":"https:\/\/masterforgex.eu\/sl\/wp-json\/wp\/v2\/pages\/58\/revisions\/235"}],"wp:attachment":[{"href":"https:\/\/masterforgex.eu\/sl\/wp-json\/wp\/v2\/media?parent=58"}],"curies":[{"name":"wp","href":"https:\/\/api.w.org\/{rel}","templated":true}]}}